{"id":11469,"date":"2024-06-06T18:50:40","date_gmt":"2024-06-06T18:50:40","guid":{"rendered":"https:\/\/hideyourkeys.io\/?post_type=product&#038;p=11469"},"modified":"2025-04-09T19:41:47","modified_gmt":"2025-04-09T19:41:47","slug":"bitjig-manual","status":"publish","type":"product","link":"https:\/\/hideyourkeys.io\/pt-pt\/produto\/bitjig-manual\/","title":{"rendered":"Manual do BitJig"},"content":{"rendered":"<p>Consulta o nosso Manual BitJig para garantir a utiliza\u00e7\u00e3o correcta do produto. Aprenda a gravar a sua frase de semente em anilhas de metal, obtendo resultados n\u00edtidos e brilhantes. Obtenha suas arruelas de frases de recupera\u00e7\u00e3o de criptomoedas. <\/p>\n<p>Recomendamos baixar nossos manuais antes de adquirir os produtos, eles s\u00e3o gratuitos. Desta forma, saber\u00e1 o que esperar ao adquirir um dos nossos produtos.<\/p>\n<p>Este manual destina-se a cobrir a utiliza\u00e7\u00e3o dos nossos gabaritos de estampagem, consulta alguns dos nossos packs como o <a href=\"https:\/\/hideyourkeys.io\/pt-pt\/produto\/bitjig-m8-basic-pack\/\">BitJig<\/a> ou o <a href=\"https:\/\/hideyourkeys.io\/pt-pt\/produto\/bitjig-m6-basic-pack\/\">BitJig M6<\/a><\/p>\n<p>&nbsp;<\/p>\n","protected":false},"excerpt":{"rendered":"<p>Manual para os nossos gabaritos de estampagem. Obtenha seu manual de arruelas de frases de recupera\u00e7\u00e3o de criptomoedas. <\/p>\n","protected":false},"featured_media":12988,"comment_status":"open","ping_status":"closed","template":"","meta":{"powered_cache_disable_cache":false,"powered_cache_disable_lazyload":false,"powered_cache_disable_css_optimization":false,"powered_cache_disable_js_optimization":false},"product_brand":[],"product_cat":[268],"product_tag":[295,393,394,416],"class_list":{"0":"post-11469","1":"product","2":"type-product","3":"status-publish","4":"has-post-thumbnail","6":"product_cat-guias-e-manuais","7":"product_tag-bitcoin-pt","8":"product_tag-carimbador","9":"product_tag-dispositivo-de-estampagem","10":"product_tag-manual-pt-pt","12":"first","13":"instock","14":"downloadable","15":"taxable","16":"shipping-taxable","17":"purchasable","18":"product-type-simple"},"_links":{"self":[{"href":"https:\/\/hideyourkeys.io\/pt-pt\/wp-json\/wp\/v2\/product\/11469","targetHints":{"allow":["GET"]}}],"collection":[{"href":"https:\/\/hideyourkeys.io\/pt-pt\/wp-json\/wp\/v2\/product"}],"about":[{"href":"https:\/\/hideyourkeys.io\/pt-pt\/wp-json\/wp\/v2\/types\/product"}],"replies":[{"embeddable":true,"href":"https:\/\/hideyourkeys.io\/pt-pt\/wp-json\/wp\/v2\/comments?post=11469"}],"wp:featuredmedia":[{"embeddable":true,"href":"https:\/\/hideyourkeys.io\/pt-pt\/wp-json\/wp\/v2\/media\/12988"}],"wp:attachment":[{"href":"https:\/\/hideyourkeys.io\/pt-pt\/wp-json\/wp\/v2\/media?parent=11469"}],"wp:term":[{"taxonomy":"product_brand","embeddable":true,"href":"https:\/\/hideyourkeys.io\/pt-pt\/wp-json\/wp\/v2\/product_brand?post=11469"},{"taxonomy":"product_cat","embeddable":true,"href":"https:\/\/hideyourkeys.io\/pt-pt\/wp-json\/wp\/v2\/product_cat?post=11469"},{"taxonomy":"product_tag","embeddable":true,"href":"https:\/\/hideyourkeys.io\/pt-pt\/wp-json\/wp\/v2\/product_tag?post=11469"}],"curies":[{"name":"wp","href":"https:\/\/api.w.org\/{rel}","templated":true}]}}