{"id":11485,"date":"2024-06-06T18:52:36","date_gmt":"2024-06-06T18:52:36","guid":{"rendered":"https:\/\/hideyourkeys.io\/?post_type=product&#038;p=11485"},"modified":"2025-07-15T00:00:08","modified_gmt":"2025-07-15T00:00:08","slug":"bitjig-m6-advanced-pack","status":"publish","type":"product","link":"https:\/\/hideyourkeys.io\/pt-pt\/produto\/bitjig-m6-advanced-pack\/","title":{"rendered":"BitJig M6 Advanced Pack"},"content":{"rendered":"<p>Mantenha suas criptomoedas seguras e protegidas com nossa solu\u00e7\u00e3o de armazenamento tudo-em-um. Pode ter a certeza de que a sua moeda criptogr\u00e1fica est\u00e1 segura e protegida. Com este pacote, voc\u00ea pode ter confian\u00e7a na seguran\u00e7a dos seus investimentos em criptomoedas e acessar facilmente as suas chaves privadas sempre que necess\u00e1rio. O BitJig M6 \u00e9 a alternativa BillFodl perfeita para armazenar sua frase de semente em metal.<\/p>\n<p>Simply stamp your phrase onto the washer, store it in the capsule, and keep it in a safe place. Com as 25 arruelas inclu\u00eddas, voc\u00ea poder\u00e1 armazenar uma frase de recupera\u00e7\u00e3o contendo at\u00e9 24 palavras, al\u00e9m de uma senha ou uma dica na arruela n\u00famero 25. Visite nossa loja para <a href=\"https:\/\/hideyourkeys.io\/pt-pt\/produto\/frase-semente-capsula-mini-3-pack\/\">c\u00e1psulas adicionais e arruelas<\/a> para criar novas frases de semente.<\/p>\n<p>Este pacote cont\u00e9m:<\/p>\n<ul>\n<li>Um (1) BitJig M6<\/li>\n<li>Uma (1) c\u00e1psula de armazenamento de frase de recupera\u00e7\u00e3o com arruela Mini (C\u00e1psula Regular ou C\u00e1psula de A\u00e7o, dependendo da op\u00e7\u00e3o escolhida)<\/li>\n<li>Conjunto de anilhas (25) com parafuso (1) e porca (1)<\/li>\n<li>Conjunto de 36 carimbos de alta qualidade<\/li>\n<li>Um (1) martelo de a\u00e7o<\/li>\n<\/ul>\n<p>Confira o <a href=\"https:\/\/hideyourkeys.io\/pt-pt\/produto\/manual-bitjig\/\">manual do produto BitJig.<\/a><\/p>\n","protected":false},"excerpt":{"rendered":"<p>Experimente o nosso pacote avan\u00e7ado BitJig para gravar as suas frases de sementes em metal. Obter um resultado n\u00edtido e fi\u00e1vel. Grande alternativa BillFodl.<\/p>\n","protected":false},"featured_media":19556,"comment_status":"open","ping_status":"closed","template":"","meta":{"powered_cache_disable_cache":false,"powered_cache_disable_lazyload":false,"powered_cache_disable_css_optimization":false,"powered_cache_disable_js_optimization":false},"product_brand":[],"product_cat":[265,273],"product_tag":[392,299,393,312,394],"class_list":{"0":"post-11485","1":"product","2":"type-product","3":"status-publish","4":"has-post-thumbnail","6":"product_cat-carimbadores-capsulas","7":"product_cat-packs-e-outros","8":"product_tag-armazenamento-metalico-de-sementes","9":"product_tag-bitjig-pt","10":"product_tag-carimbador","11":"product_tag-carteira-metalica-de-bitcoin","12":"product_tag-dispositivo-de-estampagem","14":"first","15":"instock","16":"sale","17":"featured","18":"taxable","19":"shipping-taxable","20":"purchasable","21":"product-type-variable"},"_links":{"self":[{"href":"https:\/\/hideyourkeys.io\/pt-pt\/wp-json\/wp\/v2\/product\/11485","targetHints":{"allow":["GET"]}}],"collection":[{"href":"https:\/\/hideyourkeys.io\/pt-pt\/wp-json\/wp\/v2\/product"}],"about":[{"href":"https:\/\/hideyourkeys.io\/pt-pt\/wp-json\/wp\/v2\/types\/product"}],"replies":[{"embeddable":true,"href":"https:\/\/hideyourkeys.io\/pt-pt\/wp-json\/wp\/v2\/comments?post=11485"}],"wp:featuredmedia":[{"embeddable":true,"href":"https:\/\/hideyourkeys.io\/pt-pt\/wp-json\/wp\/v2\/media\/19556"}],"wp:attachment":[{"href":"https:\/\/hideyourkeys.io\/pt-pt\/wp-json\/wp\/v2\/media?parent=11485"}],"wp:term":[{"taxonomy":"product_brand","embeddable":true,"href":"https:\/\/hideyourkeys.io\/pt-pt\/wp-json\/wp\/v2\/product_brand?post=11485"},{"taxonomy":"product_cat","embeddable":true,"href":"https:\/\/hideyourkeys.io\/pt-pt\/wp-json\/wp\/v2\/product_cat?post=11485"},{"taxonomy":"product_tag","embeddable":true,"href":"https:\/\/hideyourkeys.io\/pt-pt\/wp-json\/wp\/v2\/product_tag?post=11485"}],"curies":[{"name":"wp","href":"https:\/\/api.w.org\/{rel}","templated":true}]}}