{"id":12084,"date":"2024-06-17T20:26:54","date_gmt":"2024-06-17T20:26:54","guid":{"rendered":"https:\/\/hideyourkeys.io\/?post_type=product&#038;p=12084"},"modified":"2025-02-07T16:18:40","modified_gmt":"2025-02-07T16:18:40","slug":"bitjig-m6","status":"publish","type":"product","link":"https:\/\/hideyourkeys.io\/pt-pt\/produto\/bitjig-m6\/","title":{"rendered":"BitJig M6"},"content":{"rendered":"<p>O BitJig M6 \u00e9 uma ferramenta usada para imprimir uma frase semente em metal (suas chaves privadas ou frase mnem\u00f4nica em arruelas de metal), para Bitcoin ou outras criptomoedas. Esta ferramenta permite que voc\u00ea crie e armazene facilmente suas chaves privadas de forma segura e dur\u00e1vel. O BitJig M6 \u00e9 operado manualmente com um martelo (ou de prefer\u00eancia um malho), as toler\u00e2ncias s\u00e3o perfeitas para um conjunto de arruelas M6-18.<\/p>\n<p>Com esta ferramenta, voc\u00ea pode ter confian\u00e7a na seguran\u00e7a de seus investimentos em criptomoedas e acessar facilmente suas chaves privadas sempre que necess\u00e1rio. O BitJig \u00e9 a alternativa perfeita para produtos como Billfodl ou Cryptotag para armazenar sua frase-semente em metal.<\/p>\n<p>Este carimbo foi projetado com um mecanismo que prende a arruela no lugar durante o processo de carimbo, tornando-o mais eficiente e preciso do que outras solu\u00e7\u00f5es. A plataforma de suporte para a arruela fornece uma base est\u00e1vel e robusta para segurar durante a estampagem, eliminando o risco de les\u00f5es por bater acidentalmente nos dedos ou precisar aplicar for\u00e7a excessiva. O design do BitJig tamb\u00e9m permite uma impress\u00e3o mais precisa da frase ou c\u00f3digo semente escolhido, garantindo que as chaves privadas armazenadas nas arruelas sejam claramente leg\u00edveis e f\u00e1ceis de ler.<\/p>\n<p>Este produto cont\u00e9m:<\/p>\n<ul>\n<li>Um (1) BitJig M6.<\/li>\n<\/ul>\n<p>O ma\u00e7o ou martelo n\u00e3o est\u00e1 inclu\u00eddo. Recomendamos o uso de um ma\u00e7o de a\u00e7o duro de pelo menos 0.8-1 kg. Caso precise de um ma\u00e7o, d\u00ea uma olhada no nosso <a>pacote avan\u00e7ado<\/a>.<\/p>\n<p>Para utilizar o BitJig, os utilizadores precisam de ter carimbos de metal para imprimir a frase escolhida ou o c\u00f3digo de sementes nas anilhas. Verifique nossa op\u00e7\u00e3o <a href=\"https:\/\/hideyourkeys.io\/pt-pt\/produto\/bitjig-m6-basic-pack\/\">Pack B\u00e1sico <\/a> se voc\u00ea n\u00e3o tiver carimbos.<\/p>\n<p>Consultar o <a href=\"https:\/\/hideyourkeys.io\/pt-pt\/produto\/manual-bitjig\/\">manual do produto<\/a>.<\/p>\n<p>&nbsp;<\/p>\n<p>&nbsp;<\/p>\n","protected":false},"excerpt":{"rendered":"<p>BitJig M6 \u00e9 uma ferramenta usada para gravar uma frase de semente em metal (frase de backup em arruelas de metal), para armazen\u00e1-la com seguran\u00e7a<\/p>\n","protected":false},"featured_media":19521,"comment_status":"open","ping_status":"closed","template":"","meta":{"powered_cache_disable_cache":false,"powered_cache_disable_lazyload":false,"powered_cache_disable_css_optimization":false,"powered_cache_disable_js_optimization":false},"product_brand":[],"product_cat":[265],"product_tag":[295,393,394],"class_list":{"0":"post-12084","1":"product","2":"type-product","3":"status-publish","4":"has-post-thumbnail","6":"product_cat-carimbadores-capsulas","7":"product_tag-bitcoin-pt","8":"product_tag-carimbador","9":"product_tag-dispositivo-de-estampagem","10":"pa_color-cinza-branco","12":"first","13":"onbackorder","14":"taxable","15":"shipping-taxable","16":"purchasable","17":"product-type-simple"},"_links":{"self":[{"href":"https:\/\/hideyourkeys.io\/pt-pt\/wp-json\/wp\/v2\/product\/12084","targetHints":{"allow":["GET"]}}],"collection":[{"href":"https:\/\/hideyourkeys.io\/pt-pt\/wp-json\/wp\/v2\/product"}],"about":[{"href":"https:\/\/hideyourkeys.io\/pt-pt\/wp-json\/wp\/v2\/types\/product"}],"replies":[{"embeddable":true,"href":"https:\/\/hideyourkeys.io\/pt-pt\/wp-json\/wp\/v2\/comments?post=12084"}],"wp:featuredmedia":[{"embeddable":true,"href":"https:\/\/hideyourkeys.io\/pt-pt\/wp-json\/wp\/v2\/media\/19521"}],"wp:attachment":[{"href":"https:\/\/hideyourkeys.io\/pt-pt\/wp-json\/wp\/v2\/media?parent=12084"}],"wp:term":[{"taxonomy":"product_brand","embeddable":true,"href":"https:\/\/hideyourkeys.io\/pt-pt\/wp-json\/wp\/v2\/product_brand?post=12084"},{"taxonomy":"product_cat","embeddable":true,"href":"https:\/\/hideyourkeys.io\/pt-pt\/wp-json\/wp\/v2\/product_cat?post=12084"},{"taxonomy":"product_tag","embeddable":true,"href":"https:\/\/hideyourkeys.io\/pt-pt\/wp-json\/wp\/v2\/product_tag?post=12084"}],"curies":[{"name":"wp","href":"https:\/\/api.w.org\/{rel}","templated":true}]}}