{"id":15825,"date":"2024-10-07T17:10:52","date_gmt":"2024-10-07T17:10:52","guid":{"rendered":"https:\/\/hideyourkeys.io\/product\/bitjig-lite-2\/"},"modified":"2024-11-12T07:30:06","modified_gmt":"2024-11-12T07:30:06","slug":"bitjig-lite","status":"publish","type":"product","link":"https:\/\/hideyourkeys.io\/pt-pt\/produto\/bitjig-lite\/","title":{"rendered":"BitJig Lite"},"content":{"rendered":"<p>O BitJig Lite \u00e9 um gabarito de estampagem de arruelas de bitcoin usado para gravar uma frase-semente (suas chaves privadas ou frase mnem\u00f4nica) em arruelas de metal, para Bitcoin ou outras criptomoedas. Esta ferramenta permite que voc\u00ea crie e armazene facilmente suas chaves privadas de forma segura e dur\u00e1vel. O BitJig Lite \u00e9 operado manualmente com um martelo (ou um malho, de prefer\u00eancia), as toler\u00e2ncias s\u00e3o perfeitas para um conjunto de washers M8-24.<\/p>\n<p>Com esta ferramenta, voc\u00ea pode ter confian\u00e7a na seguran\u00e7a de seus investimentos em criptomoedas e acessar facilmente suas chaves privadas sempre que necess\u00e1rio. O BitJig \u00e9 a alternativa perfeita para produtos como Billfodl ou Cryptotag para armazenar sua frase-semente em metal.<\/p>\n<p>Este gabarito de estampagem de arruelas de bitcoin possui dois furos (6 mm e 7 mm de largura), para garantir compatibilidade com a maioria dos pun\u00e7\u00f5es de a\u00e7o dispon\u00edveis no mercado. Recomendamos o uso de uma bigorna para suportar o BitJig, juntamente com fita adesiva para fixar a arruela e evitar que ela se mova durante o processo de estampagem. <\/p>\n<p>Este produto cont\u00e9m:<\/p>\n<ul>\n<li>Um (1) BitJig Lite.<\/li>\n<\/ul>\n<p>O martelo ou martelo n\u00e3o est\u00e1 inclu\u00eddo. Recomendamos o uso de um malho de a\u00e7o duro de pelo menos 0,8-1 kg.<\/p>\n<p>Para usar este gabarito de estampagem de lavadora bitcoin, os usu\u00e1rios precisar\u00e3o ter selos de metal para imprimir sua frase escolhida ou c\u00f3digo de semente nas anilhas.<\/p>\n<p>Consultar o <a href=\"https:\/\/hideyourkeys.io\/pt-pt\/produto\/manual-bitjig\/\">manual do produto<\/a>.<\/p>\n","protected":false},"excerpt":{"rendered":"<p>Obtenha sua frase semente em arruelas de metal com o BitJig Lite, nossa op\u00e7\u00e3o acess\u00edvel de gabarito de estampagem de bitcoin<\/p>\n","protected":false},"featured_media":15772,"comment_status":"open","ping_status":"closed","template":"","meta":{"powered_cache_disable_cache":false,"powered_cache_disable_lazyload":false,"powered_cache_disable_css_optimization":false,"powered_cache_disable_js_optimization":false},"product_brand":[],"product_cat":[265],"product_tag":[295,393,394],"class_list":{"0":"post-15825","1":"product","2":"type-product","3":"status-publish","4":"has-post-thumbnail","6":"product_cat-carimbadores-capsulas","7":"product_tag-bitcoin-pt","8":"product_tag-carimbador","9":"product_tag-dispositivo-de-estampagem","10":"pa_color-branco","11":"pa_color-cinza","13":"first","14":"instock","15":"taxable","16":"shipping-taxable","17":"purchasable","18":"product-type-variable"},"_links":{"self":[{"href":"https:\/\/hideyourkeys.io\/pt-pt\/wp-json\/wp\/v2\/product\/15825","targetHints":{"allow":["GET"]}}],"collection":[{"href":"https:\/\/hideyourkeys.io\/pt-pt\/wp-json\/wp\/v2\/product"}],"about":[{"href":"https:\/\/hideyourkeys.io\/pt-pt\/wp-json\/wp\/v2\/types\/product"}],"replies":[{"embeddable":true,"href":"https:\/\/hideyourkeys.io\/pt-pt\/wp-json\/wp\/v2\/comments?post=15825"}],"wp:featuredmedia":[{"embeddable":true,"href":"https:\/\/hideyourkeys.io\/pt-pt\/wp-json\/wp\/v2\/media\/15772"}],"wp:attachment":[{"href":"https:\/\/hideyourkeys.io\/pt-pt\/wp-json\/wp\/v2\/media?parent=15825"}],"wp:term":[{"taxonomy":"product_brand","embeddable":true,"href":"https:\/\/hideyourkeys.io\/pt-pt\/wp-json\/wp\/v2\/product_brand?post=15825"},{"taxonomy":"product_cat","embeddable":true,"href":"https:\/\/hideyourkeys.io\/pt-pt\/wp-json\/wp\/v2\/product_cat?post=15825"},{"taxonomy":"product_tag","embeddable":true,"href":"https:\/\/hideyourkeys.io\/pt-pt\/wp-json\/wp\/v2\/product_tag?post=15825"}],"curies":[{"name":"wp","href":"https:\/\/api.w.org\/{rel}","templated":true}]}}