{"id":17178,"date":"2025-01-30T21:33:56","date_gmt":"2025-01-30T21:33:56","guid":{"rendered":"https:\/\/hideyourkeys.io\/product\/aluminum-seed-phrase-capsule-m8\/"},"modified":"2025-01-31T09:08:14","modified_gmt":"2025-01-31T09:08:14","slug":"capsula-aluminio-frase-recuperacao-m8","status":"publish","type":"product","link":"https:\/\/hideyourkeys.io\/pt-pt\/produto\/capsula-aluminio-frase-recuperacao-m8\/","title":{"rendered":"C\u00e1psula de Alum\u00ednio para Frase de Recupera\u00e7\u00e3o (M8)"},"content":{"rendered":"<p>Proteja sua frase de recupera\u00e7\u00e3o com a C\u00e1psula de Alum\u00ednio para Frase de Recupera\u00e7\u00e3o (M8), uma solu\u00e7\u00e3o dur\u00e1vel e segura projetada para proteger suas palavras de recupera\u00e7\u00e3o. Feita de alum\u00ednio de alta qualidade, esta c\u00e1psula protege suas informa\u00e7\u00f5es sens\u00edveis contra \u00e1gua, corros\u00e3o e outras amea\u00e7as que podem comprometer seus ativos criptogr\u00e1ficos. Cada c\u00e1psula pode armazenar um conjunto de arruelas met\u00e1licas estampadas (M8-24) feitas com o nosso BitJig M8.<\/p>\n<p>A semente tem de ser previamente estampada em anilhas met\u00e1licas, consulte o nosso estampador para gerar uma reserva de sementes adequada. Este produto inclui um parafuso M8 que se adapta a 24 arruelas (tamb\u00e9m inclu\u00eddas) e uma porca. Todos eles cabem perfeitamente dentro da c\u00e1psula. A c\u00e1psula tem 100 mm de altura e 30 mm de di\u00e2metro.<\/p>\n<p>Este produto cont\u00e9m:<\/p>\n<p>Uma (1) c\u00e1psula de armazenamento em alum\u00ednio<br \/>\nConjunto de arruelas (25), com uma (1) porca e um (1) parafuso<\/p>\n","protected":false},"excerpt":{"rendered":"<p>Uma c\u00e1psula de alum\u00ednio imperme\u00e1vel e resistente \u00e0 corros\u00e3o projetada para armazenar com seguran\u00e7a sua frase de recupera\u00e7\u00e3o de criptografia.<\/p>\n","protected":false},"featured_media":17165,"comment_status":"open","ping_status":"closed","template":"","meta":{"powered_cache_disable_cache":false,"powered_cache_disable_lazyload":false,"powered_cache_disable_css_optimization":false,"powered_cache_disable_js_optimization":false},"product_brand":[],"product_cat":[265],"product_tag":[295],"class_list":{"0":"post-17178","1":"product","2":"type-product","3":"status-publish","4":"has-post-thumbnail","6":"product_cat-carimbadores-capsulas","7":"product_tag-bitcoin-pt","9":"first","10":"instock","11":"taxable","12":"shipping-taxable","13":"purchasable","14":"product-type-variable"},"_links":{"self":[{"href":"https:\/\/hideyourkeys.io\/pt-pt\/wp-json\/wp\/v2\/product\/17178","targetHints":{"allow":["GET"]}}],"collection":[{"href":"https:\/\/hideyourkeys.io\/pt-pt\/wp-json\/wp\/v2\/product"}],"about":[{"href":"https:\/\/hideyourkeys.io\/pt-pt\/wp-json\/wp\/v2\/types\/product"}],"replies":[{"embeddable":true,"href":"https:\/\/hideyourkeys.io\/pt-pt\/wp-json\/wp\/v2\/comments?post=17178"}],"wp:featuredmedia":[{"embeddable":true,"href":"https:\/\/hideyourkeys.io\/pt-pt\/wp-json\/wp\/v2\/media\/17165"}],"wp:attachment":[{"href":"https:\/\/hideyourkeys.io\/pt-pt\/wp-json\/wp\/v2\/media?parent=17178"}],"wp:term":[{"taxonomy":"product_brand","embeddable":true,"href":"https:\/\/hideyourkeys.io\/pt-pt\/wp-json\/wp\/v2\/product_brand?post=17178"},{"taxonomy":"product_cat","embeddable":true,"href":"https:\/\/hideyourkeys.io\/pt-pt\/wp-json\/wp\/v2\/product_cat?post=17178"},{"taxonomy":"product_tag","embeddable":true,"href":"https:\/\/hideyourkeys.io\/pt-pt\/wp-json\/wp\/v2\/product_tag?post=17178"}],"curies":[{"name":"wp","href":"https:\/\/api.w.org\/{rel}","templated":true}]}}