{"id":17638,"date":"2025-02-19T20:21:18","date_gmt":"2025-02-19T20:21:18","guid":{"rendered":"https:\/\/hideyourkeys.io\/?post_type=product&#038;p=17638"},"modified":"2025-02-24T20:08:18","modified_gmt":"2025-02-24T20:08:18","slug":"bitjig-m14","status":"publish","type":"product","link":"https:\/\/hideyourkeys.io\/pt-pt\/produto\/bitjig-m14\/","title":{"rendered":"BitJig M14"},"content":{"rendered":"<p>O BitJig M14 \u00e9 uma ferramenta usada para imprimir uma frase de recupera\u00e7\u00e3o (suas chaves privadas ou frase mnem\u00f4nica) em uma grande arruela de metal, para Bitcoin ou outras criptomoedas, obtendo uma frase de recupera\u00e7\u00e3o em a\u00e7o compacto. Esta ferramenta permite que voc\u00ea crie e armazene facilmente suas chaves privadas de forma segura e dur\u00e1vel. O BitJig M14 \u00e9 operado manualmente com um martelo (ou um ma\u00e7o, preferencialmente), as toler\u00e2ncias s\u00e3o perfeitas para uma arruela M14-44.<\/p>\n<p>Com esta ferramenta, voc\u00ea pode ter confian\u00e7a na seguran\u00e7a de seus investimentos em criptomoedas e acessar facilmente suas chaves privadas sempre que necess\u00e1rio. O BitJig \u00e9 a alternativa perfeita para produtos como Billfodl ou Cryptotag para obter sua frase de recupera\u00e7\u00e3o em a\u00e7o compacto.<\/p>\n<p>Este carimbo foi projetado com um mecanismo que prende a arruela no lugar durante o processo de carimbo, tornando-o mais eficiente e preciso do que outras solu\u00e7\u00f5es. A plataforma de suporte oferece uma base est\u00e1vel e resistente para segurar enquanto estampa, eliminando o risco de les\u00f5es por bater acidentalmente nos dedos ou precisar aplicar for\u00e7a excessiva. O design do BitJig tamb\u00e9m permite uma impress\u00e3o mais precisa da frase ou c\u00f3digo de recupera\u00e7\u00e3o escolhido, garantindo que as chaves privadas armazenadas na arruela sejam claramente leg\u00edveis e f\u00e1ceis de ler, obtendo assim uma frase de recupera\u00e7\u00e3o em a\u00e7o compacto.<\/p>\n<p>Este produto cont\u00e9m:<\/p>\n<ul>\n<li>Um (1) BitJig M14.<\/li>\n<\/ul>\n<p>O martelo ou martelo n\u00e3o est\u00e1 inclu\u00eddo. Recomendamos o uso de um malho de a\u00e7o duro de pelo menos 0,8-1 kg.<\/p>\n<p>ICaso precise de um martelo, confira nosso pack avan\u00e7ado.<\/p>\n<p>Para usar o BitJig, os usu\u00e1rios precisar\u00e3o de carimbos met\u00e1licos de 6 mm de lado para imprimir a frase ou c\u00f3digo de recupera\u00e7\u00e3o escolhido na arruela. Verifique nossa op\u00e7\u00e3o de pacote b\u00e1sico se voc\u00ea n\u00e3o tiver carimbos.<\/p>\n<p>Consultar o <a href=\"https:\/\/hideyourkeys.io\/pt-pt\/produto\/manual-bitjig\/\">manual do produto<\/a>.<\/p>\n<p>&nbsp;<\/p>\n<p>&nbsp;<\/p>\n","protected":false},"excerpt":{"rendered":"<p>O BitJig M14 \u00e9 uma ferramenta usada para gravar uma frase de recupera\u00e7\u00e3o (frase de backup) em arruelas de metal, para armazen\u00e1-la com seguran\u00e7a. Adquira agora sua frase de recupera\u00e7\u00e3o em a\u00e7o compacto.<\/p>\n","protected":false},"featured_media":19673,"comment_status":"open","ping_status":"closed","template":"","meta":{"powered_cache_disable_cache":false,"powered_cache_disable_lazyload":false,"powered_cache_disable_css_optimization":false,"powered_cache_disable_js_optimization":false},"product_brand":[],"product_cat":[265],"product_tag":[295,393,394],"class_list":{"0":"post-17638","1":"product","2":"type-product","3":"status-publish","4":"has-post-thumbnail","6":"product_cat-carimbadores-capsulas","7":"product_tag-bitcoin-pt","8":"product_tag-carimbador","9":"product_tag-dispositivo-de-estampagem","11":"first","12":"instock","13":"taxable","14":"shipping-taxable","15":"purchasable","16":"product-type-simple"},"_links":{"self":[{"href":"https:\/\/hideyourkeys.io\/pt-pt\/wp-json\/wp\/v2\/product\/17638","targetHints":{"allow":["GET"]}}],"collection":[{"href":"https:\/\/hideyourkeys.io\/pt-pt\/wp-json\/wp\/v2\/product"}],"about":[{"href":"https:\/\/hideyourkeys.io\/pt-pt\/wp-json\/wp\/v2\/types\/product"}],"replies":[{"embeddable":true,"href":"https:\/\/hideyourkeys.io\/pt-pt\/wp-json\/wp\/v2\/comments?post=17638"}],"wp:featuredmedia":[{"embeddable":true,"href":"https:\/\/hideyourkeys.io\/pt-pt\/wp-json\/wp\/v2\/media\/19673"}],"wp:attachment":[{"href":"https:\/\/hideyourkeys.io\/pt-pt\/wp-json\/wp\/v2\/media?parent=17638"}],"wp:term":[{"taxonomy":"product_brand","embeddable":true,"href":"https:\/\/hideyourkeys.io\/pt-pt\/wp-json\/wp\/v2\/product_brand?post=17638"},{"taxonomy":"product_cat","embeddable":true,"href":"https:\/\/hideyourkeys.io\/pt-pt\/wp-json\/wp\/v2\/product_cat?post=17638"},{"taxonomy":"product_tag","embeddable":true,"href":"https:\/\/hideyourkeys.io\/pt-pt\/wp-json\/wp\/v2\/product_tag?post=17638"}],"curies":[{"name":"wp","href":"https:\/\/api.w.org\/{rel}","templated":true}]}}