{"id":17749,"date":"2025-02-19T21:13:26","date_gmt":"2025-02-19T21:13:26","guid":{"rendered":"https:\/\/hideyourkeys.io\/?post_type=product&#038;p=17749"},"modified":"2025-07-15T00:00:11","modified_gmt":"2025-07-15T00:00:11","slug":"bitjig-m14-advanced-pack","status":"publish","type":"product","link":"https:\/\/hideyourkeys.io\/pt-pt\/produto\/bitjig-m14-advanced-pack\/","title":{"rendered":"BitJig M14 Advanced Pack"},"content":{"rendered":"<p>Mantenha suas criptomoedas seguras e protegidas com nossa solu\u00e7\u00e3o de armazenamento tudo-em-um. Com nosso pacote b\u00e1sico BitJig M14, seu Bitcoin ou criptomoeda est\u00e1 seguro e protegido. Ele permite que voc\u00ea tenha uma arruela de frase de recupera\u00e7\u00e3o Bitcoin como backup. Com este pacote, voc\u00ea pode ter confian\u00e7a na seguran\u00e7a dos seus investimentos em criptomoedas e acessar facilmente as suas chaves privadas sempre que necess\u00e1rio. O BitJig \u00e9 a alternativa perfeita para produtos como BillFodl ou Cryptotag para armazenar sua frase de recupera\u00e7\u00e3o de Bitcoin compacta em metal.<\/p>\n<p>Basta carimbar sua frase na arruela, guard\u00e1-la na c\u00e1psula e mant\u00ea-la em um local seguro. A c\u00e1psula da arruela possui um \u00edm\u00e3 que permitir\u00e1 que voc\u00ea grude sua c\u00e1psula em qualquer superf\u00edcie met\u00e1lica. Visite nossa loja para c\u00e1psulas adicionais e arruelas para criar novas frases de semente.<\/p>\n<p>Este pacote cont\u00e9m:<\/p>\n<ul>\n<li>Um (1) BitJig M14<\/li>\n<li>Duas (2) c\u00e1psulas magn\u00e9ticas para arruelas<\/li>\n<li>Duas (2) arruelas de 44 mm de di\u00e2metro<\/li>\n<li>Conjunto de 36 carimbos de alta qualidade<\/li>\n<li>Um martelo de a\u00e7o (0,8 kg)<\/li>\n<\/ul>\n<p>Consulte o nosso <a href=\"https:\/\/hideyourkeys.io\/pt-pt\/produto\/manual-bitjig\/\">manual de produto<\/a> dos gabaritos de estampagem<\/p>\n","protected":false},"excerpt":{"rendered":"<p>Experimente nosso pack BitJig M14 para gravar suas frases de recupera\u00e7\u00e3o em metal. Um resultado n\u00edtido e confi\u00e1vel \u2013 uma excelente arruela de frase de recupera\u00e7\u00e3o Bitcoin em tamanho compacto.<\/p>\n","protected":false},"featured_media":19688,"comment_status":"open","ping_status":"closed","template":"","meta":{"powered_cache_disable_cache":false,"powered_cache_disable_lazyload":false,"powered_cache_disable_css_optimization":false,"powered_cache_disable_js_optimization":false},"product_brand":[],"product_cat":[265,273],"product_tag":[392,299,393,312,394],"class_list":{"0":"post-17749","1":"product","2":"type-product","3":"status-publish","4":"has-post-thumbnail","6":"product_cat-carimbadores-capsulas","7":"product_cat-packs-e-outros","8":"product_tag-armazenamento-metalico-de-sementes","9":"product_tag-bitjig-pt","10":"product_tag-carimbador","11":"product_tag-carteira-metalica-de-bitcoin","12":"product_tag-dispositivo-de-estampagem","14":"first","15":"instock","16":"sale","17":"taxable","18":"shipping-taxable","19":"purchasable","20":"product-type-variable"},"_links":{"self":[{"href":"https:\/\/hideyourkeys.io\/pt-pt\/wp-json\/wp\/v2\/product\/17749","targetHints":{"allow":["GET"]}}],"collection":[{"href":"https:\/\/hideyourkeys.io\/pt-pt\/wp-json\/wp\/v2\/product"}],"about":[{"href":"https:\/\/hideyourkeys.io\/pt-pt\/wp-json\/wp\/v2\/types\/product"}],"replies":[{"embeddable":true,"href":"https:\/\/hideyourkeys.io\/pt-pt\/wp-json\/wp\/v2\/comments?post=17749"}],"wp:featuredmedia":[{"embeddable":true,"href":"https:\/\/hideyourkeys.io\/pt-pt\/wp-json\/wp\/v2\/media\/19688"}],"wp:attachment":[{"href":"https:\/\/hideyourkeys.io\/pt-pt\/wp-json\/wp\/v2\/media?parent=17749"}],"wp:term":[{"taxonomy":"product_brand","embeddable":true,"href":"https:\/\/hideyourkeys.io\/pt-pt\/wp-json\/wp\/v2\/product_brand?post=17749"},{"taxonomy":"product_cat","embeddable":true,"href":"https:\/\/hideyourkeys.io\/pt-pt\/wp-json\/wp\/v2\/product_cat?post=17749"},{"taxonomy":"product_tag","embeddable":true,"href":"https:\/\/hideyourkeys.io\/pt-pt\/wp-json\/wp\/v2\/product_tag?post=17749"}],"curies":[{"name":"wp","href":"https:\/\/api.w.org\/{rel}","templated":true}]}}