{"id":17807,"date":"2025-02-23T17:04:42","date_gmt":"2025-02-23T17:04:42","guid":{"rendered":"https:\/\/hideyourkeys.io\/?post_type=product&#038;p=17807"},"modified":"2025-02-23T17:47:02","modified_gmt":"2025-02-23T17:47:02","slug":"krux","status":"publish","type":"product","link":"https:\/\/hideyourkeys.io\/pt-pt\/produto\/krux\/","title":{"rendered":"Krux Wallet"},"content":{"rendered":"<p>Krux \u00e9 uma carteira de hardware open-source projetada para uma autossafeguarda segura de Bitcoin. A carteira de hardware Krux opera offline, permitindo que os usu\u00e1rios gerem e assinem transa\u00e7\u00f5es sem expor as chaves privadas a amea\u00e7as online. Seu design minimalista e firmware audit\u00e1vel garantem uma solu\u00e7\u00e3o de seguran\u00e7a confi\u00e1vel e verific\u00e1vel.  <\/p>\n<div class=\"flex max-w-full flex-col flex-grow\">\n<div class=\"min-h-8 text-message flex w-full flex-col items-end gap-2 whitespace-normal break-words text-start [.text-message+&amp;]:mt-5\" dir=\"auto\" data-message-author-role=\"assistant\" data-message-id=\"4021c7ea-7af2-49a9-9b99-ff2aeb3090ca\" data-message-model-slug=\"gpt-4o\">\n<div class=\"flex w-full flex-col gap-1 empty:hidden first:pt-[3px]\">\n<div class=\"markdown prose w-full break-words dark:prose-invert dark\">\n<p data-start=\"0\" data-end=\"448\" data-is-last-node=\"\" data-is-only-node=\"\">Oferecemos duas op\u00e7\u00f5es. Voc\u00ea pode adquirir a <strong data-start=\"117\" data-end=\"145\">carteira de hardware completa<\/strong>, totalmente montada e pronta para usar com todos os recursos do Krux, ou apenas a <strong data-start=\"216\" data-end=\"245\">capa traseira<\/strong> para um Wonder MV, projetada especificamente para este dispositivo, com o s\u00edmbolo Krux impresso em 3D. <\/p>\n<\/div>\n<\/div>\n<\/div>\n<\/div>\n<p><strong>Principais caracter\u00edsticas<\/strong><\/p>\n<ul>\n<li data-start=\"50\" data-end=\"115\"><strong data-start=\"52\" data-end=\"68\">Open-source:<\/strong> Transparente e verific\u00e1vel pela comunidade.<\/li>\n<li data-start=\"116\" data-end=\"204\"><strong data-start=\"118\" data-end=\"139\">Totalmente isolado: <\/strong>Funciona sem conex\u00e3o \u00e0 internet para maior seguran\u00e7a.<\/li>\n<li data-start=\"205\" data-end=\"301\"><strong data-start=\"207\" data-end=\"254\">Assinatura e gera\u00e7\u00e3o de transa\u00e7\u00f5es offline: <\/strong>Mant\u00e9m as chaves privadas seguras contra amea\u00e7as online.<\/li>\n<li data-start=\"302\" data-end=\"379\"><strong data-start=\"304\" data-end=\"340\">Compatibilidade com os padr\u00f5es do Bitcoin: <\/strong>Suporta BIP-39, BIP-32 e BIP-85.<\/li>\n<li data-start=\"380\" data-end=\"433\"><strong data-start=\"382\" data-end=\"407\">Interface minimalista: <\/strong>Simples e f\u00e1cil de usar.<\/li>\n<li data-start=\"434\" data-end=\"512\"><strong data-start=\"436\" data-end=\"459\">Firmware audit\u00e1vel: <\/strong>Pode ser revisado, modificado e verificado por qualquer pessoa.<\/li>\n<li data-start=\"513\" data-end=\"597\"><strong data-start=\"515\" data-end=\"553\">Suporta m\u00faltiplos formatos de endere\u00e7o: <\/strong>Inclui SegWit nativo (bech32) e mais.<\/li>\n<li data-start=\"598\" data-end=\"689\"><strong data-start=\"600\" data-end=\"626\">Op\u00e7\u00f5es de backup seguras:<\/strong> Compat\u00edvel com frases de recupera\u00e7\u00e3o e outros m\u00e9todos de seguran\u00e7a.<\/li>\n<\/ul>\n<p>Assuma o controle total da seguran\u00e7a do seu Bitcoin com a carteira de hardware Krux e proteja seus fundos com confian\u00e7a.<\/p>\n","protected":false},"excerpt":{"rendered":"<p>Krux \u00e9 uma carteira de hardware open-source projetada para uma autossafeguarda segura de Bitcoin. A carteira de hardware Krux opera offline, permitindo que os usu\u00e1rios gerem e assinem transa\u00e7\u00f5es sem expor as chaves privadas a amea\u00e7as online. Seu design minimalista e firmware audit\u00e1vel garantem uma solu\u00e7\u00e3o de seguran\u00e7a confi\u00e1vel e verific\u00e1vel.  <\/p>\n","protected":false},"featured_media":17837,"comment_status":"open","ping_status":"closed","template":"","meta":{"powered_cache_disable_cache":false,"powered_cache_disable_lazyload":false,"powered_cache_disable_css_optimization":false,"powered_cache_disable_js_optimization":false},"product_brand":[],"product_cat":[273],"product_tag":[295,773],"class_list":{"0":"post-17807","1":"product","2":"type-product","3":"status-publish","4":"has-post-thumbnail","6":"product_cat-packs-e-outros","7":"product_tag-bitcoin-pt","8":"product_tag-seedsigner-pt-pt","9":"pa_color-preto","11":"first","12":"instock","13":"taxable","14":"shipping-taxable","15":"purchasable","16":"product-type-variable"},"_links":{"self":[{"href":"https:\/\/hideyourkeys.io\/pt-pt\/wp-json\/wp\/v2\/product\/17807","targetHints":{"allow":["GET"]}}],"collection":[{"href":"https:\/\/hideyourkeys.io\/pt-pt\/wp-json\/wp\/v2\/product"}],"about":[{"href":"https:\/\/hideyourkeys.io\/pt-pt\/wp-json\/wp\/v2\/types\/product"}],"replies":[{"embeddable":true,"href":"https:\/\/hideyourkeys.io\/pt-pt\/wp-json\/wp\/v2\/comments?post=17807"}],"wp:featuredmedia":[{"embeddable":true,"href":"https:\/\/hideyourkeys.io\/pt-pt\/wp-json\/wp\/v2\/media\/17837"}],"wp:attachment":[{"href":"https:\/\/hideyourkeys.io\/pt-pt\/wp-json\/wp\/v2\/media?parent=17807"}],"wp:term":[{"taxonomy":"product_brand","embeddable":true,"href":"https:\/\/hideyourkeys.io\/pt-pt\/wp-json\/wp\/v2\/product_brand?post=17807"},{"taxonomy":"product_cat","embeddable":true,"href":"https:\/\/hideyourkeys.io\/pt-pt\/wp-json\/wp\/v2\/product_cat?post=17807"},{"taxonomy":"product_tag","embeddable":true,"href":"https:\/\/hideyourkeys.io\/pt-pt\/wp-json\/wp\/v2\/product_tag?post=17807"}],"curies":[{"name":"wp","href":"https:\/\/api.w.org\/{rel}","templated":true}]}}