{"id":18751,"date":"2025-08-23T08:39:58","date_gmt":"2025-08-23T08:39:58","guid":{"rendered":"https:\/\/hideyourkeys.io\/?post_type=product&#038;p=18751"},"modified":"2025-08-23T18:16:36","modified_gmt":"2025-08-23T18:16:36","slug":"plant-pot-safe-mini","status":"publish","type":"product","link":"https:\/\/hideyourkeys.io\/pt-pt\/produto\/plant-pot-safe-mini\/","title":{"rendered":"Vaso Cofre Mini (M14)"},"content":{"rendered":"<p>Se \u00e9 um amante das plantas e da tecnologia, temos o produto perfeito para si! Apresentamos a nova edi\u00e7\u00e3o mini do vaso cofre com suculenta artificial, que permite guardar sua frase-semente feita com o BitJig M14 em um recipiente de pequeno porte.<\/p>\n<p>Nosso vaso foi projetado para manter sua frase-semente de Bitcoin, feita com nossos <a href=\"https:\/\/hideyourkeys.io\/pt-pt\/produto\/bitjig-m8-basic-pack\/\">gravadores<\/a>, segura e oculta dentro dele, gra\u00e7as ao compartimento de armazenamento especialmente desenvolvido. Ele deve ser usado com arruelas de 44 mm produzidas com o BitJig M14. <\/p>\n<p>Al\u00e9m de ser uma \u00f3tima forma de esconder sua frase-semente, nosso vaso tamb\u00e9m \u00e9 uma bela pe\u00e7a decorativa para sua casa ou escrit\u00f3rio. Com o seu design moderno e elegante, \u00e9 perfeito para embelezar qualquer espa\u00e7o.<\/p>\n<p>Este pote de armazenamento \u00e9 perfeito para armazenar sua pr\u00f3pria frase-semente feita de arruelas estampadas feitas com nossos carimbadores.<\/p>\n<p>Este produto cont\u00e9m:<\/p>\n<ul>\n<li>Um (1) vaso de suculentas<\/li>\n<li>Duas arruelas M14 compat\u00edveis com o BitJig M14<\/li>\n<\/ul>\n<p>Consulte o <a href=\"https:\/\/hideyourkeys.io\/pt-pt\/produto\/vaso-cofre-manual\/<br \/>&#8220;>manual do produto<\/a> antes de o comprar.<\/p>\n","protected":false},"excerpt":{"rendered":"<p>Planta suculenta falsa em tamanho compacto para esconder suas chaves. armazenar frase-semente.<\/p>\n","protected":false},"featured_media":19016,"comment_status":"open","ping_status":"closed","template":"","meta":{"powered_cache_disable_cache":false,"powered_cache_disable_lazyload":false,"powered_cache_disable_css_optimization":false,"powered_cache_disable_js_optimization":false},"product_brand":[],"product_cat":[277],"product_tag":[397,404,316],"class_list":{"0":"post-18751","1":"product","2":"type-product","3":"status-publish","4":"has-post-thumbnail","6":"product_cat-vasos-e-vasos-para-plantas","7":"product_tag-ocultar-a-frase-semente","8":"product_tag-vaso-de-suculentas-mini","9":"product_tag-vaso-falso","10":"pa_color-bege","11":"pa_color-branco","12":"pa_color-cinza","13":"pa_color-granito-pt","14":"pa_color-preto","15":"pa_style-picos","16":"pa_style-ziguezague","18":"first","19":"instock","20":"taxable","21":"shipping-taxable","22":"purchasable","23":"product-type-variable"},"_links":{"self":[{"href":"https:\/\/hideyourkeys.io\/pt-pt\/wp-json\/wp\/v2\/product\/18751","targetHints":{"allow":["GET"]}}],"collection":[{"href":"https:\/\/hideyourkeys.io\/pt-pt\/wp-json\/wp\/v2\/product"}],"about":[{"href":"https:\/\/hideyourkeys.io\/pt-pt\/wp-json\/wp\/v2\/types\/product"}],"replies":[{"embeddable":true,"href":"https:\/\/hideyourkeys.io\/pt-pt\/wp-json\/wp\/v2\/comments?post=18751"}],"wp:featuredmedia":[{"embeddable":true,"href":"https:\/\/hideyourkeys.io\/pt-pt\/wp-json\/wp\/v2\/media\/19016"}],"wp:attachment":[{"href":"https:\/\/hideyourkeys.io\/pt-pt\/wp-json\/wp\/v2\/media?parent=18751"}],"wp:term":[{"taxonomy":"product_brand","embeddable":true,"href":"https:\/\/hideyourkeys.io\/pt-pt\/wp-json\/wp\/v2\/product_brand?post=18751"},{"taxonomy":"product_cat","embeddable":true,"href":"https:\/\/hideyourkeys.io\/pt-pt\/wp-json\/wp\/v2\/product_cat?post=18751"},{"taxonomy":"product_tag","embeddable":true,"href":"https:\/\/hideyourkeys.io\/pt-pt\/wp-json\/wp\/v2\/product_tag?post=18751"}],"curies":[{"name":"wp","href":"https:\/\/api.w.org\/{rel}","templated":true}]}}