{"id":19228,"date":"2025-10-10T08:49:23","date_gmt":"2025-10-10T08:49:23","guid":{"rendered":"https:\/\/hideyourkeys.io\/?post_type=product&#038;p=19228"},"modified":"2025-10-10T19:51:19","modified_gmt":"2025-10-10T19:51:19","slug":"bitjig-free-12-ranhuras","status":"publish","type":"product","link":"https:\/\/hideyourkeys.io\/pt-pt\/produto\/bitjig-free-12-ranhuras\/","title":{"rendered":"BitJig Free 12 ranhuras"},"content":{"rendered":"<p>Voc\u00ea tem uma impressora 3D? Ent\u00e3o voc\u00ea pode imprimir-se este gabarito de estampagem de arruela, o BitJig Free, voc\u00ea vai precisar de uma bigorna para carimbar as anilhas nele. Fa\u00e7a o download do .zip com o arquivo . Arquivos STL. O dispositivo perfeito para come\u00e7ar a gravar suas frases de recupera\u00e7\u00e3o para Bitcoin ou Crypto.<\/p>\n","protected":false},"excerpt":{"rendered":"<p>BitJig Free com 12 ranhuras \u2013 Imprima o seu pr\u00f3prio gabarito de grava\u00e7\u00e3o. Baixe os arquivos .STL e comece a gravar sua frase-semente em arruelas M8.<\/p>\n","protected":false},"featured_media":15801,"comment_status":"open","ping_status":"closed","template":"","meta":{"powered_cache_disable_cache":false,"powered_cache_disable_lazyload":false,"powered_cache_disable_css_optimization":false,"powered_cache_disable_js_optimization":false},"product_brand":[],"product_cat":[268],"product_tag":[295,393,394,416],"class_list":{"0":"post-19228","1":"product","2":"type-product","3":"status-publish","4":"has-post-thumbnail","6":"product_cat-guias-e-manuais","7":"product_tag-bitcoin-pt","8":"product_tag-carimbador","9":"product_tag-dispositivo-de-estampagem","10":"product_tag-manual-pt-pt","12":"first","13":"instock","14":"downloadable","15":"taxable","16":"shipping-taxable","17":"purchasable","18":"product-type-simple"},"_links":{"self":[{"href":"https:\/\/hideyourkeys.io\/pt-pt\/wp-json\/wp\/v2\/product\/19228","targetHints":{"allow":["GET"]}}],"collection":[{"href":"https:\/\/hideyourkeys.io\/pt-pt\/wp-json\/wp\/v2\/product"}],"about":[{"href":"https:\/\/hideyourkeys.io\/pt-pt\/wp-json\/wp\/v2\/types\/product"}],"replies":[{"embeddable":true,"href":"https:\/\/hideyourkeys.io\/pt-pt\/wp-json\/wp\/v2\/comments?post=19228"}],"wp:featuredmedia":[{"embeddable":true,"href":"https:\/\/hideyourkeys.io\/pt-pt\/wp-json\/wp\/v2\/media\/15801"}],"wp:attachment":[{"href":"https:\/\/hideyourkeys.io\/pt-pt\/wp-json\/wp\/v2\/media?parent=19228"}],"wp:term":[{"taxonomy":"product_brand","embeddable":true,"href":"https:\/\/hideyourkeys.io\/pt-pt\/wp-json\/wp\/v2\/product_brand?post=19228"},{"taxonomy":"product_cat","embeddable":true,"href":"https:\/\/hideyourkeys.io\/pt-pt\/wp-json\/wp\/v2\/product_cat?post=19228"},{"taxonomy":"product_tag","embeddable":true,"href":"https:\/\/hideyourkeys.io\/pt-pt\/wp-json\/wp\/v2\/product_tag?post=19228"}],"curies":[{"name":"wp","href":"https:\/\/api.w.org\/{rel}","templated":true}]}}