{"id":19327,"date":"2025-12-13T14:16:51","date_gmt":"2025-12-13T14:16:51","guid":{"rendered":"https:\/\/hideyourkeys.io\/product\/puncoes-aco-letras-numeros\/"},"modified":"2025-12-13T14:32:23","modified_gmt":"2025-12-13T14:32:23","slug":"puncoes-aco-letras-numeros","status":"publish","type":"product","link":"https:\/\/hideyourkeys.io\/pt-pt\/produto\/puncoes-aco-letras-numeros\/","title":{"rendered":"Pun\u00e7\u00f5es de A\u00e7o de Letras e N\u00fameros"},"content":{"rendered":"<p>Safeguard your bitcoin or crypto with this precision set of steel letter and numbers punches. Designed for engraving your BIP39 seed phrase onto metal washers, they are fully compatible with all BitJig models for perfect, aligned stamping. <\/p>\n<p>Este conjunto de 36 pe\u00e7as cont\u00e9m todo o alfabeto (de A a Z), todos os n\u00fameros de 0 a 9 (com um \u00fanico carimbo revers\u00edvel para o 6 e o 9) e o s\u00edmbolo &#8220;e&#8221; comercial (&amp;). Ele fornece todos os caracteres necess\u00e1rios para carimbar qualquer frase de recupera\u00e7\u00e3o padr\u00e3o de 12 ou 24 palavras e para adicionar etiquetas ou identificadores personalizados. <\/p>\n<p>Fabricados com a\u00e7o-ferramenta temperado, cada pun\u00e7\u00e3o possui um cabo padr\u00e3o de 6 mm e um caractere com 4 mm de altura para impress\u00f5es n\u00edtidas e duradouras. Crie um backup \u00e0 prova de fogo e \u00e1gua com seguran\u00e7a total, mantendo a cust\u00f3dia e a privacidade completas do in\u00edcio ao fim. <\/p>\n","protected":false},"excerpt":{"rendered":"<p>Safeguard your bitcoin or crypto with this precision set of steel letter and numbers punches. Designed for engraving your BIP39 seed phrase onto metal washers, they are fully compatible with all BitJig models for perfect, aligned stamping. <\/p>\n","protected":false},"featured_media":19322,"comment_status":"open","ping_status":"closed","template":"","meta":{"powered_cache_disable_cache":false,"powered_cache_disable_lazyload":false,"powered_cache_disable_css_optimization":false,"powered_cache_disable_js_optimization":false},"product_brand":[],"product_cat":[265],"product_tag":[295,393,394],"class_list":{"0":"post-19327","1":"product","2":"type-product","3":"status-publish","4":"has-post-thumbnail","6":"product_cat-carimbadores-capsulas","7":"product_tag-bitcoin-pt","8":"product_tag-carimbador","9":"product_tag-dispositivo-de-estampagem","11":"first","12":"instock","13":"taxable","14":"shipping-taxable","15":"purchasable","16":"product-type-simple"},"_links":{"self":[{"href":"https:\/\/hideyourkeys.io\/pt-pt\/wp-json\/wp\/v2\/product\/19327","targetHints":{"allow":["GET"]}}],"collection":[{"href":"https:\/\/hideyourkeys.io\/pt-pt\/wp-json\/wp\/v2\/product"}],"about":[{"href":"https:\/\/hideyourkeys.io\/pt-pt\/wp-json\/wp\/v2\/types\/product"}],"replies":[{"embeddable":true,"href":"https:\/\/hideyourkeys.io\/pt-pt\/wp-json\/wp\/v2\/comments?post=19327"}],"wp:featuredmedia":[{"embeddable":true,"href":"https:\/\/hideyourkeys.io\/pt-pt\/wp-json\/wp\/v2\/media\/19322"}],"wp:attachment":[{"href":"https:\/\/hideyourkeys.io\/pt-pt\/wp-json\/wp\/v2\/media?parent=19327"}],"wp:term":[{"taxonomy":"product_brand","embeddable":true,"href":"https:\/\/hideyourkeys.io\/pt-pt\/wp-json\/wp\/v2\/product_brand?post=19327"},{"taxonomy":"product_cat","embeddable":true,"href":"https:\/\/hideyourkeys.io\/pt-pt\/wp-json\/wp\/v2\/product_cat?post=19327"},{"taxonomy":"product_tag","embeddable":true,"href":"https:\/\/hideyourkeys.io\/pt-pt\/wp-json\/wp\/v2\/product_tag?post=19327"}],"curies":[{"name":"wp","href":"https:\/\/api.w.org\/{rel}","templated":true}]}}