{"id":5272,"date":"2023-09-03T17:59:30","date_gmt":"2023-09-03T17:59:30","guid":{"rendered":"https:\/\/hideyourkeys.io\/product\/estojo-magnetico-para-esconder-hardware-wallet\/"},"modified":"2024-11-12T08:04:05","modified_gmt":"2024-11-12T08:04:05","slug":"estojo-ocultar-carteira-de-hardware","status":"publish","type":"product","link":"https:\/\/hideyourkeys.io\/pt-pt\/produto\/estojo-ocultar-carteira-de-hardware\/","title":{"rendered":"Estojo magn\u00e9tico para esconder hardware Wallet"},"content":{"rendered":"<div class=\"flex flex-grow flex-col gap-3 max-w-full\">\n<div class=\"min-h-[20px] flex flex-col items-start gap-3 overflow-x-auto whitespace-pre-wrap break-words\">\n<div class=\"markdown prose w-full break-words dark:prose-invert light\">\n<p>Apresentamos a nossa nova caixa magn\u00e9tica para esconder carteira de hardware, o seu esconderijo favorito da carteira de hardware ! Esta caixa foi concebida com \u00edmanes na parte de tr\u00e1s, permitindo-lhe esconder o seu dispositivo de forma segura atr\u00e1s ou sob qualquer superf\u00edcie met\u00e1lica. Este estojo garante que o seu dispositivo favorito permane\u00e7a oculto enquanto permanece facilmente recuper\u00e1vel, para que nunca se esque\u00e7a de onde est\u00e1 localizado.  <\/p>\n<p>Este produto cont\u00e9m:<\/p>\n<ul>\n<li>Um estojo magn\u00e9tico para uma carteira de hardware \u00e0 sua escolha<\/li>\n<\/ul>\n<p><strong>NOTA:<\/strong> O dispositivo de carteira de hardware n\u00e3o est\u00e1 inclu\u00eddo<\/p>\n<\/div>\n<\/div>\n<\/div>\n","protected":false},"excerpt":{"rendered":"<p>Estojo para esconder carteira de hardware, projetada com \u00edm\u00e3s na parte de tr\u00e1s, permitindo que voc\u00ea esconda seu dispositivo com seguran\u00e7a atr\u00e1s ou sob qualquer superf\u00edcie met\u00e1lica.<\/p>\n","protected":false},"featured_media":15091,"comment_status":"open","ping_status":"closed","template":"","meta":{"powered_cache_disable_cache":false,"powered_cache_disable_lazyload":false,"powered_cache_disable_css_optimization":false,"powered_cache_disable_js_optimization":false},"product_brand":[],"product_cat":[273],"product_tag":[328,326],"class_list":{"0":"post-5272","1":"product","2":"type-product","3":"status-publish","4":"has-post-thumbnail","6":"product_cat-packs-e-outros","7":"product_tag-esconder-hardware-wallet","8":"product_tag-hardware-wallet-pt","9":"pa_color-branco","10":"pa_color-cinza","11":"pa_color-preto","13":"first","14":"instock","15":"taxable","16":"shipping-taxable","17":"purchasable","18":"product-type-variable"},"_links":{"self":[{"href":"https:\/\/hideyourkeys.io\/pt-pt\/wp-json\/wp\/v2\/product\/5272","targetHints":{"allow":["GET"]}}],"collection":[{"href":"https:\/\/hideyourkeys.io\/pt-pt\/wp-json\/wp\/v2\/product"}],"about":[{"href":"https:\/\/hideyourkeys.io\/pt-pt\/wp-json\/wp\/v2\/types\/product"}],"replies":[{"embeddable":true,"href":"https:\/\/hideyourkeys.io\/pt-pt\/wp-json\/wp\/v2\/comments?post=5272"}],"wp:featuredmedia":[{"embeddable":true,"href":"https:\/\/hideyourkeys.io\/pt-pt\/wp-json\/wp\/v2\/media\/15091"}],"wp:attachment":[{"href":"https:\/\/hideyourkeys.io\/pt-pt\/wp-json\/wp\/v2\/media?parent=5272"}],"wp:term":[{"taxonomy":"product_brand","embeddable":true,"href":"https:\/\/hideyourkeys.io\/pt-pt\/wp-json\/wp\/v2\/product_brand?post=5272"},{"taxonomy":"product_cat","embeddable":true,"href":"https:\/\/hideyourkeys.io\/pt-pt\/wp-json\/wp\/v2\/product_cat?post=5272"},{"taxonomy":"product_tag","embeddable":true,"href":"https:\/\/hideyourkeys.io\/pt-pt\/wp-json\/wp\/v2\/product_tag?post=5272"}],"curies":[{"name":"wp","href":"https:\/\/api.w.org\/{rel}","templated":true}]}}