{"id":5434,"date":"2023-08-23T22:56:57","date_gmt":"2023-08-23T22:56:57","guid":{"rendered":"https:\/\/hideyourkeys.io\/product\/vaso-para-donuts\/"},"modified":"2025-02-02T22:30:17","modified_gmt":"2025-02-02T22:30:17","slug":"vaso-donut","status":"publish","type":"product","link":"https:\/\/hideyourkeys.io\/pt-pt\/produto\/vaso-donut\/","title":{"rendered":"Vaso Donut"},"content":{"rendered":"<p>Este produto cont\u00e9m:<\/p>\n<ul>\n<li>Um (1) vaso Donut<\/li>\n<li>Conjunto de arruelas (25) com uma (1) porca e um (1) parafuso.<\/li>\n<\/ul>\n<p>Este vaso \u00fanico n\u00e3o \u00e9 apenas um objeto decorativo para sua casa ou escrit\u00f3rio, mas tamb\u00e9m uma maneira segura e conveniente de armazenar suas frases-semente Bitcoin. O vaso possui uma tampa de rosca escondida que garante a prote\u00e7\u00e3o de suas frases de frases-semente. As frases-semente feitas com nossos gabaritos de estampagem s\u00e3o armazenadas sob o vaso em um compartimento escondido. Desta forma, certifique-se de que frases-semente est\u00e3o seguras e protegidas em todos os momentos.<\/p>\n<p>O design em forma de donut do vaso \u00e9 apelativo e moderno, tornando-o um objeto decorativo perfeito para qualquer casa ou escrit\u00f3rio. Al\u00e9m disso, \u00e9 uma excelente prenda para qualquer entusiasta das criptomoedas ou investidor de Bitcoin.<\/p>\n<p>Nosso vaso em forma de rosca para armazenar frases-semente Bitcoin vem em dois tamanhos: pequeno, 113mm de altura (compat\u00edvel apenas com arruelas BitJig M6, 18mm de di\u00e2metro) e grande, 142mm de altura (compat\u00edvel apenas com arruelas BitJig M8, 24mm de di\u00e2metro). Nosso vaso em forma de rosca para armazenar frases-semente gravadas em metal \u00e9 um produto inovador e pr\u00e1tico que combina funcionalidade e design.<\/p>\n<p>Proteja o seu investimento em Bitcoin e decore a sua casa com estilo com o nosso vaso! N\u00e3o perca a oportunidade de o adquirir hoje na nossa loja!<\/p>\n","protected":false},"excerpt":{"rendered":"<p>Vaso em forma de donut com um compartimento oculto dentro. Esconda a frase semente.<\/p>\n","protected":false},"featured_media":14298,"comment_status":"open","ping_status":"closed","template":"","meta":{"powered_cache_disable_cache":false,"powered_cache_disable_lazyload":false,"powered_cache_disable_css_optimization":false,"powered_cache_disable_js_optimization":false},"product_brand":[],"product_cat":[277],"product_tag":[397,307],"class_list":{"0":"post-5434","1":"product","2":"type-product","3":"status-publish","4":"has-post-thumbnail","6":"product_cat-vasos-e-vasos-para-plantas","7":"product_tag-ocultar-a-frase-semente","8":"product_tag-vaso-de-donut","9":"pa_color-bege","10":"pa_color-branco","11":"pa_color-cinza","12":"pa_color-granito-pt","13":"pa_color-preto","14":"pa_size-grande-arruelas-m8-24-mm","15":"pa_size-pequeno-arruelas-m6-18-mm","17":"first","18":"instock","19":"featured","20":"taxable","21":"shipping-taxable","22":"purchasable","23":"product-type-variable"},"_links":{"self":[{"href":"https:\/\/hideyourkeys.io\/pt-pt\/wp-json\/wp\/v2\/product\/5434","targetHints":{"allow":["GET"]}}],"collection":[{"href":"https:\/\/hideyourkeys.io\/pt-pt\/wp-json\/wp\/v2\/product"}],"about":[{"href":"https:\/\/hideyourkeys.io\/pt-pt\/wp-json\/wp\/v2\/types\/product"}],"replies":[{"embeddable":true,"href":"https:\/\/hideyourkeys.io\/pt-pt\/wp-json\/wp\/v2\/comments?post=5434"}],"wp:featuredmedia":[{"embeddable":true,"href":"https:\/\/hideyourkeys.io\/pt-pt\/wp-json\/wp\/v2\/media\/14298"}],"wp:attachment":[{"href":"https:\/\/hideyourkeys.io\/pt-pt\/wp-json\/wp\/v2\/media?parent=5434"}],"wp:term":[{"taxonomy":"product_brand","embeddable":true,"href":"https:\/\/hideyourkeys.io\/pt-pt\/wp-json\/wp\/v2\/product_brand?post=5434"},{"taxonomy":"product_cat","embeddable":true,"href":"https:\/\/hideyourkeys.io\/pt-pt\/wp-json\/wp\/v2\/product_cat?post=5434"},{"taxonomy":"product_tag","embeddable":true,"href":"https:\/\/hideyourkeys.io\/pt-pt\/wp-json\/wp\/v2\/product_tag?post=5434"}],"curies":[{"name":"wp","href":"https:\/\/api.w.org\/{rel}","templated":true}]}}