{"id":5540,"date":"2023-08-19T22:22:52","date_gmt":"2023-08-19T22:22:52","guid":{"rendered":"https:\/\/hideyourkeys.io\/product\/mini-vaso-seguro-para-suculentas\/"},"modified":"2024-10-24T21:51:17","modified_gmt":"2024-10-24T21:51:17","slug":"vaso-cofre","status":"publish","type":"product","link":"https:\/\/hideyourkeys.io\/pt-pt\/produto\/vaso-cofre\/","title":{"rendered":"Vaso Cofre"},"content":{"rendered":"<p>Se \u00e9 um amante das plantas e da tecnologia, temos o produto perfeito para si! Apresentamos a nossa nova edi\u00e7\u00e3o artificial suclenta, que lhe permite manter a sua frase-semente e\/ou carteira de hardware num recipiente de tamanho pequeno. Nosso pote \u00e9 projetado para manter sua frase-semente de Bitcoin feita com nossos <a href=\"https:\/\/hideyourkeys.io\/pt-pt\/produto\/bitjig-m8-basic-pack\/\">carimbadores<\/a> seguros e escondidos dentro, gra\u00e7as ao compartimento de armazenamento especialmente projetado dentro. E para manter suas criptomoedas ainda mais seguras, voc\u00ea pode armazenar diferentes tipos de carteiras de hardware como Ledger, BitBox, Jade, Trezor. Al\u00e9m de ser uma excelente forma de esconder a sua frase-semente, o nosso vaso \u00e9 tamb\u00e9m uma bela pe\u00e7a decorativa para a sua casa ou escrit\u00f3rio.    Com o seu design moderno e elegante, \u00e9 perfeito para embelezar qualquer espa\u00e7o. Este pote de armazenamento \u00e9 perfeito para armazenar sua pr\u00f3pria frase-semente feita de arruelas estampadas feitas com nossos carimbadores. Este produto cont\u00e9m: <\/p>\n<ul>\n<li>Um (1) vaso de suculentas<\/li>\n<li>Um conjunto de arruelas (25 arruelas) com um (1) parafuso e uma (1) porca<\/li>\n<\/ul>\n<p> Consulte o <a href=\"https:\/\/hideyourkeys.io\/pt-pt\/produto\/vaso-cofre-manual\/<br \/>&#8220;>manual <\/a> do produto antes de o comprar.<\/p>\n","protected":false},"excerpt":{"rendered":"<p>Planta suculenta falsa em tamanho compacto para esconder suas chaves. armazenar frase-semente.<\/p>\n","protected":false},"featured_media":13345,"comment_status":"open","ping_status":"closed","template":"","meta":{"powered_cache_disable_cache":false,"powered_cache_disable_lazyload":false,"powered_cache_disable_css_optimization":false,"powered_cache_disable_js_optimization":false},"product_brand":[],"product_cat":[277],"product_tag":[397,404,316],"class_list":{"0":"post-5540","1":"product","2":"type-product","3":"status-publish","4":"has-post-thumbnail","6":"product_cat-vasos-e-vasos-para-plantas","7":"product_tag-ocultar-a-frase-semente","8":"product_tag-vaso-de-suculentas-mini","9":"product_tag-vaso-falso","10":"pa_color-bege","11":"pa_color-branco","12":"pa_color-cinza","13":"pa_color-granito-pt","14":"pa_color-preto","15":"pa_style-picos","16":"pa_style-ziguezague","18":"first","19":"instock","20":"featured","21":"taxable","22":"shipping-taxable","23":"purchasable","24":"product-type-variable"},"_links":{"self":[{"href":"https:\/\/hideyourkeys.io\/pt-pt\/wp-json\/wp\/v2\/product\/5540","targetHints":{"allow":["GET"]}}],"collection":[{"href":"https:\/\/hideyourkeys.io\/pt-pt\/wp-json\/wp\/v2\/product"}],"about":[{"href":"https:\/\/hideyourkeys.io\/pt-pt\/wp-json\/wp\/v2\/types\/product"}],"replies":[{"embeddable":true,"href":"https:\/\/hideyourkeys.io\/pt-pt\/wp-json\/wp\/v2\/comments?post=5540"}],"wp:featuredmedia":[{"embeddable":true,"href":"https:\/\/hideyourkeys.io\/pt-pt\/wp-json\/wp\/v2\/media\/13345"}],"wp:attachment":[{"href":"https:\/\/hideyourkeys.io\/pt-pt\/wp-json\/wp\/v2\/media?parent=5540"}],"wp:term":[{"taxonomy":"product_brand","embeddable":true,"href":"https:\/\/hideyourkeys.io\/pt-pt\/wp-json\/wp\/v2\/product_brand?post=5540"},{"taxonomy":"product_cat","embeddable":true,"href":"https:\/\/hideyourkeys.io\/pt-pt\/wp-json\/wp\/v2\/product_cat?post=5540"},{"taxonomy":"product_tag","embeddable":true,"href":"https:\/\/hideyourkeys.io\/pt-pt\/wp-json\/wp\/v2\/product_tag?post=5540"}],"curies":[{"name":"wp","href":"https:\/\/api.w.org\/{rel}","templated":true}]}}