{"id":5578,"date":"2023-08-23T23:18:28","date_gmt":"2023-08-23T23:18:28","guid":{"rendered":"https:\/\/hideyourkeys.io\/product\/dreno-de-jardim\/"},"modified":"2025-02-02T22:26:16","modified_gmt":"2025-02-02T22:26:16","slug":"dreno-jardim","status":"publish","type":"product","link":"https:\/\/hideyourkeys.io\/pt-pt\/produto\/dreno-jardim\/","title":{"rendered":"Dreno de jardim"},"content":{"rendered":"<p>Apresentamos a combina\u00e7\u00e3o perfeita de funcionalidade e estilo para entusiastas de criptomoedas &#8211; nosso novo cont\u00eainer de armazenamento de semente Bitcoin Garden Drain!<\/p>\n<p>Criado para se assemelhar a um sistema realista de drenagem de jardim, este cont\u00eainer inovador certamente chamar\u00e1 a aten\u00e7\u00e3o e iniciar\u00e1 conversas. Mas n\u00e3o se deixe enganar pela sua apar\u00eancia &#8211; no interior, encontrar\u00e1 um local para guardar uma s\u00e9rie de arruelas estampadas com as nossas <a href=\"https:\/\/hideyourkeys.io\/pt-pt\/produto\/bitjig-m8-basic-pack\/\">carimbos<\/a>. Este \u00e9 o item perfeito para esconder suas sementes de Bitcoin ou de outras criptomoedas com seguran\u00e7a e discri\u00e7\u00e3o.<\/p>\n<p>Este armazenamento se assemelha a um sistema de drenagem de jardim real, para que voc\u00ea possa ter certeza de que sua semente de criptomoeda est\u00e1 perfeitamente oculta e protegida dos elementos e de poss\u00edveis roubos. Quer seja um investidor experiente ou esteja apenas a iniciar-se no mundo das criptomoedas, este contentor \u00e9 imprescind\u00edvel para qualquer pessoa que pretenda manter os seus activos digitais seguros e protegidos.<\/p>\n<p>Este produto cont\u00e9m:<\/p>\n<ul>\n<li>Um (1) dreno de jardim<\/li>\n<li>Conjunto de anilhas (25), com uma (1) porca e um (1) parafuso<\/li>\n<\/ul>\n<p>Consultar o <a href=\"https:\/\/hideyourkeys.io\/pt-pt\/produto\/manual-drenagem-jardim\/\">manual<\/a> do produto<\/p>\n","protected":false},"excerpt":{"rendered":"<p>Dreno de jardim falso para armazenar suas frases-semente gravadas em metal. Enterrar frase-semente.<\/p>\n","protected":false},"featured_media":14363,"comment_status":"open","ping_status":"closed","template":"","meta":{"powered_cache_disable_cache":false,"powered_cache_disable_lazyload":false,"powered_cache_disable_css_optimization":false,"powered_cache_disable_js_optimization":false},"product_brand":[],"product_cat":[277],"product_tag":[320,397],"class_list":{"0":"post-5578","1":"product","2":"type-product","3":"status-publish","4":"has-post-thumbnail","6":"product_cat-vasos-e-vasos-para-plantas","7":"product_tag-jardim","8":"product_tag-ocultar-a-frase-semente","9":"pa_color-cinza","10":"pa_color-preto","12":"first","13":"instock","14":"taxable","15":"shipping-taxable","16":"purchasable","17":"product-type-variable"},"_links":{"self":[{"href":"https:\/\/hideyourkeys.io\/pt-pt\/wp-json\/wp\/v2\/product\/5578","targetHints":{"allow":["GET"]}}],"collection":[{"href":"https:\/\/hideyourkeys.io\/pt-pt\/wp-json\/wp\/v2\/product"}],"about":[{"href":"https:\/\/hideyourkeys.io\/pt-pt\/wp-json\/wp\/v2\/types\/product"}],"replies":[{"embeddable":true,"href":"https:\/\/hideyourkeys.io\/pt-pt\/wp-json\/wp\/v2\/comments?post=5578"}],"wp:featuredmedia":[{"embeddable":true,"href":"https:\/\/hideyourkeys.io\/pt-pt\/wp-json\/wp\/v2\/media\/14363"}],"wp:attachment":[{"href":"https:\/\/hideyourkeys.io\/pt-pt\/wp-json\/wp\/v2\/media?parent=5578"}],"wp:term":[{"taxonomy":"product_brand","embeddable":true,"href":"https:\/\/hideyourkeys.io\/pt-pt\/wp-json\/wp\/v2\/product_brand?post=5578"},{"taxonomy":"product_cat","embeddable":true,"href":"https:\/\/hideyourkeys.io\/pt-pt\/wp-json\/wp\/v2\/product_cat?post=5578"},{"taxonomy":"product_tag","embeddable":true,"href":"https:\/\/hideyourkeys.io\/pt-pt\/wp-json\/wp\/v2\/product_tag?post=5578"}],"curies":[{"name":"wp","href":"https:\/\/api.w.org\/{rel}","templated":true}]}}