{"id":5597,"date":"2023-08-23T23:20:59","date_gmt":"2023-08-23T23:20:59","guid":{"rendered":"https:\/\/hideyourkeys.io\/product\/vaso-de-bolas-empilhadas\/"},"modified":"2025-02-02T22:23:10","modified_gmt":"2025-02-02T22:23:10","slug":"vaso-flores-cofre","status":"publish","type":"product","link":"https:\/\/hideyourkeys.io\/pt-pt\/produto\/vaso-flores-cofre\/","title":{"rendered":"Vaso de flores Cofre"},"content":{"rendered":"<p>Este vaso \u00fanico n\u00e3o \u00e9 apenas um objeto decorativo para sua casa ou escrit\u00f3rio, mas tamb\u00e9m uma maneira segura e conveniente de armazenar suas frases-semente Bitcoin. O vaso possui um compartimento escondido que garante a prote\u00e7\u00e3o de suas frases-semente. As frases-semente feitas com nossos carimbadores podem ser armazenadas dentro do vaso. Desta forma, voc\u00ea pode ter certeza de que suas frases-semente est\u00e3o seguras e protegidas em todos os momentos. O local perfeito onde esconder frase-semente. Este vaso para armazenar frases-semente Bitcoin \u00e9 um produto inovador e pr\u00e1tico que combina funcionalidade e design.<\/p>\n<p>Este produto cont\u00e9m:<\/p>\n<ul>\n<li>Um (1) Vaso de flores Cofre<\/li>\n<li>Conjunto de arruelas (25) com uma (1) porca e um (1) parafuso<\/li>\n<\/ul>\n","protected":false},"excerpt":{"rendered":"<p>Vaso de flores para esconder frases-semente dentro<\/p>\n","protected":false},"featured_media":14113,"comment_status":"open","ping_status":"closed","template":"","meta":{"powered_cache_disable_cache":false,"powered_cache_disable_lazyload":false,"powered_cache_disable_css_optimization":false,"powered_cache_disable_js_optimization":false},"product_brand":[],"product_cat":[277],"product_tag":[397,408],"class_list":{"0":"post-5597","1":"product","2":"type-product","3":"status-publish","4":"has-post-thumbnail","6":"product_cat-vasos-e-vasos-para-plantas","7":"product_tag-ocultar-a-frase-semente","8":"product_tag-vaso","9":"pa_color-bege","10":"pa_color-branco","11":"pa_color-cinza","12":"pa_color-granito-pt","13":"pa_color-preto","14":"pa_size-grande-pt","15":"pa_size-pequeno","16":"pa_style-listras","17":"pa_style-texturizado-pt-pt","19":"first","20":"instock","21":"taxable","22":"shipping-taxable","23":"purchasable","24":"product-type-variable"},"_links":{"self":[{"href":"https:\/\/hideyourkeys.io\/pt-pt\/wp-json\/wp\/v2\/product\/5597","targetHints":{"allow":["GET"]}}],"collection":[{"href":"https:\/\/hideyourkeys.io\/pt-pt\/wp-json\/wp\/v2\/product"}],"about":[{"href":"https:\/\/hideyourkeys.io\/pt-pt\/wp-json\/wp\/v2\/types\/product"}],"replies":[{"embeddable":true,"href":"https:\/\/hideyourkeys.io\/pt-pt\/wp-json\/wp\/v2\/comments?post=5597"}],"wp:featuredmedia":[{"embeddable":true,"href":"https:\/\/hideyourkeys.io\/pt-pt\/wp-json\/wp\/v2\/media\/14113"}],"wp:attachment":[{"href":"https:\/\/hideyourkeys.io\/pt-pt\/wp-json\/wp\/v2\/media?parent=5597"}],"wp:term":[{"taxonomy":"product_brand","embeddable":true,"href":"https:\/\/hideyourkeys.io\/pt-pt\/wp-json\/wp\/v2\/product_brand?post=5597"},{"taxonomy":"product_cat","embeddable":true,"href":"https:\/\/hideyourkeys.io\/pt-pt\/wp-json\/wp\/v2\/product_cat?post=5597"},{"taxonomy":"product_tag","embeddable":true,"href":"https:\/\/hideyourkeys.io\/pt-pt\/wp-json\/wp\/v2\/product_tag?post=5597"}],"curies":[{"name":"wp","href":"https:\/\/api.w.org\/{rel}","templated":true}]}}