{"id":5617,"date":"2023-08-23T23:24:09","date_gmt":"2023-08-23T23:24:09","guid":{"rendered":"https:\/\/hideyourkeys.io\/product\/carteira-de-hardware-hideyourkeys\/"},"modified":"2024-11-12T07:35:27","modified_gmt":"2024-11-12T07:35:27","slug":"hideyourkeys-carteira-hardware","status":"publish","type":"product","link":"https:\/\/hideyourkeys.io\/pt-pt\/produto\/hideyourkeys-carteira-hardware\/","title":{"rendered":"Carteira de hardware HideYourKeys"},"content":{"rendered":"<p>Apresentamos a carteira de hardware DIY mais f\u00e1cil para uma gest\u00e3o perfeita de Bitcoin \u2013 a sua chave para um controlo sem esfor\u00e7o sobre os seus ativos digitais. Com um design elegante com uma conveniente porta USB-C, a nossa carteira de hardware garante conectividade r\u00e1pida para transa\u00e7\u00f5es e atualiza\u00e7\u00f5es seguras.  A interface amig\u00e1vel ao usu\u00e1rio simplifica o processo de gerenciamento, tornando f\u00e1cil enviar, receber e monitorar com confian\u00e7a seus ativos de Bitcoin.<\/p>\n<p>Comece a sua viagem Bitcoin com a nossa carteira de c\u00f3digo aberto. Baseado numa placa de desenvolvimento arduino, pr\u00e9-carregado com um software de carteira de c\u00f3digo aberto.<\/p>\n<p>Para obter instru\u00e7\u00f5es pormenorizadas, certifique-se de que explora o <a href=\"https:\/\/hideyourkeys.io\/pt-pt\/produto\/manual-da-carteira-de-hardware\/\">manual<\/a> completo fornecido, libertando todo o potencial do produto.<\/p>\n<p>Este produto cont\u00e9m:<\/p>\n<ul>\n<li>Uma (1) carteira de hardware de c\u00f3digo aberto. Cabo de liga\u00e7\u00e3o USB-C n\u00e3o inclu\u00eddo.<\/li>\n<\/ul>\n","protected":false},"excerpt":{"rendered":"<p>Carteira carteira de hardware de desenvolvimento apenas para bitcoin. Carteira de hardware DIY. <\/p>\n","protected":false},"featured_media":15283,"comment_status":"open","ping_status":"closed","template":"","meta":{"powered_cache_disable_cache":false,"powered_cache_disable_lazyload":false,"powered_cache_disable_css_optimization":false,"powered_cache_disable_js_optimization":false},"product_brand":[],"product_cat":[273],"product_tag":[295,326],"class_list":{"0":"post-5617","1":"product","2":"type-product","3":"status-publish","4":"has-post-thumbnail","6":"product_cat-packs-e-outros","7":"product_tag-bitcoin-pt","8":"product_tag-hardware-wallet-pt","9":"pa_color-branco","10":"pa_color-verde-transparente","12":"first","13":"instock","14":"taxable","15":"shipping-taxable","16":"purchasable","17":"product-type-variable"},"_links":{"self":[{"href":"https:\/\/hideyourkeys.io\/pt-pt\/wp-json\/wp\/v2\/product\/5617","targetHints":{"allow":["GET"]}}],"collection":[{"href":"https:\/\/hideyourkeys.io\/pt-pt\/wp-json\/wp\/v2\/product"}],"about":[{"href":"https:\/\/hideyourkeys.io\/pt-pt\/wp-json\/wp\/v2\/types\/product"}],"replies":[{"embeddable":true,"href":"https:\/\/hideyourkeys.io\/pt-pt\/wp-json\/wp\/v2\/comments?post=5617"}],"wp:featuredmedia":[{"embeddable":true,"href":"https:\/\/hideyourkeys.io\/pt-pt\/wp-json\/wp\/v2\/media\/15283"}],"wp:attachment":[{"href":"https:\/\/hideyourkeys.io\/pt-pt\/wp-json\/wp\/v2\/media?parent=5617"}],"wp:term":[{"taxonomy":"product_brand","embeddable":true,"href":"https:\/\/hideyourkeys.io\/pt-pt\/wp-json\/wp\/v2\/product_brand?post=5617"},{"taxonomy":"product_cat","embeddable":true,"href":"https:\/\/hideyourkeys.io\/pt-pt\/wp-json\/wp\/v2\/product_cat?post=5617"},{"taxonomy":"product_tag","embeddable":true,"href":"https:\/\/hideyourkeys.io\/pt-pt\/wp-json\/wp\/v2\/product_tag?post=5617"}],"curies":[{"name":"wp","href":"https:\/\/api.w.org\/{rel}","templated":true}]}}