{"id":5673,"date":"2023-08-23T23:29:12","date_gmt":"2023-08-23T23:29:12","guid":{"rendered":"https:\/\/hideyourkeys.io\/product\/vaso-delgado\/"},"modified":"2025-02-02T22:21:22","modified_gmt":"2025-02-02T22:21:22","slug":"lampada-cofre","status":"publish","type":"product","link":"https:\/\/hideyourkeys.io\/pt-pt\/produto\/lampada-cofre\/","title":{"rendered":"L\u00e2mpada Cofre"},"content":{"rendered":"<p>Esta l\u00e2mpada \u00fanica n\u00e3o \u00e9 apenas uma luz decorativa para sua casa ou escrit\u00f3rio, mas tamb\u00e9m uma maneira segura e conveniente de armazenar suas frases-semente Bitcoin e um dispositivo de carteira de hardware .<br \/>\nA l\u00e2mpada possui um compartimento oculto que garante a prote\u00e7\u00e3o de suas frases-semente.<br \/>\nAs frases-semente feitas com nossos <a>carimbadores<\/a> podem ser armazenadas dentro da l\u00e2mpada. Desta forma, voc\u00ea pode ter certeza de que suas frases-semente est\u00e3o seguras e protegidas em todos os momentos.<\/p>\n<p>Esta l\u00e2mpada \u00e9 projetada em dois estilos. O primeiro estilo \u00e9 um design elegante em riscas (Listras). O segundo estilo apresenta um padr\u00e3o de pontos (Pontos).<\/p>\n<p>Este produto cont\u00e9m:<\/p>\n<ul>\n<li>Uma (1) L\u00e2mpada Cofre<\/li>\n<li>Conjunto de arruelas (25) com uma (1) porca e um (1) parafuso<\/li>\n<\/ul>\n<p>Confira o nosso <a href=\"https:\/\/hideyourkeys.io\/pt-pt\/produto\/vasos-manuais\/\">manual <\/a> de l\u00e2mpadas e vasos.<\/p>\n","protected":false},"excerpt":{"rendered":"<p>L\u00e2mpada para esconder frase-semente e \/ ou carteira de hardware dentro. Esconda a frase-semente dentro de uma l\u00e2mpada.<\/p>\n","protected":false},"featured_media":14579,"comment_status":"open","ping_status":"closed","template":"","meta":{"powered_cache_disable_cache":false,"powered_cache_disable_lazyload":false,"powered_cache_disable_css_optimization":false,"powered_cache_disable_js_optimization":false},"product_brand":[],"product_cat":[273,277],"product_tag":[397,408],"class_list":{"0":"post-5673","1":"product","2":"type-product","3":"status-publish","4":"has-post-thumbnail","6":"product_cat-packs-e-outros","7":"product_cat-vasos-e-vasos-para-plantas","8":"product_tag-ocultar-a-frase-semente","9":"product_tag-vaso","10":"pa_color-bege","11":"pa_color-branco","12":"pa_color-cinza","13":"pa_color-preto","14":"pa_style-listras","15":"pa_style-pontos","17":"first","18":"instock","19":"taxable","20":"shipping-taxable","21":"purchasable","22":"product-type-variable"},"_links":{"self":[{"href":"https:\/\/hideyourkeys.io\/pt-pt\/wp-json\/wp\/v2\/product\/5673","targetHints":{"allow":["GET"]}}],"collection":[{"href":"https:\/\/hideyourkeys.io\/pt-pt\/wp-json\/wp\/v2\/product"}],"about":[{"href":"https:\/\/hideyourkeys.io\/pt-pt\/wp-json\/wp\/v2\/types\/product"}],"replies":[{"embeddable":true,"href":"https:\/\/hideyourkeys.io\/pt-pt\/wp-json\/wp\/v2\/comments?post=5673"}],"wp:featuredmedia":[{"embeddable":true,"href":"https:\/\/hideyourkeys.io\/pt-pt\/wp-json\/wp\/v2\/media\/14579"}],"wp:attachment":[{"href":"https:\/\/hideyourkeys.io\/pt-pt\/wp-json\/wp\/v2\/media?parent=5673"}],"wp:term":[{"taxonomy":"product_brand","embeddable":true,"href":"https:\/\/hideyourkeys.io\/pt-pt\/wp-json\/wp\/v2\/product_brand?post=5673"},{"taxonomy":"product_cat","embeddable":true,"href":"https:\/\/hideyourkeys.io\/pt-pt\/wp-json\/wp\/v2\/product_cat?post=5673"},{"taxonomy":"product_tag","embeddable":true,"href":"https:\/\/hideyourkeys.io\/pt-pt\/wp-json\/wp\/v2\/product_tag?post=5673"}],"curies":[{"name":"wp","href":"https:\/\/api.w.org\/{rel}","templated":true}]}}