{"id":5875,"date":"2023-09-03T13:11:21","date_gmt":"2023-09-03T13:11:21","guid":{"rendered":"https:\/\/hideyourkeys.io\/product\/o-guia-definitivo-para-os-plebeus-guardarem-a-sua-bitcoin\/"},"modified":"2024-10-24T21:47:00","modified_gmt":"2024-10-24T21:47:00","slug":"o-guia-definitivo-da-pele-para-armazenar-sua-bitcoin","status":"publish","type":"product","link":"https:\/\/hideyourkeys.io\/pt-pt\/produto\/o-guia-definitivo-da-pele-para-armazenar-sua-bitcoin\/","title":{"rendered":"O guia definitivo para os plebeus guardarem a sua Bitcoin"},"content":{"rendered":"<p align=\"justify\"><span style=\"font-family: Liberation Sans, sans-serif;\"><span style=\"font-size: medium;\">Quando se trata de proteger a sua Bitcoin (ou outras criptomoedas), \u00e9 crucial ter controlo sobre as suas chaves e n\u00e3o depender de trocas ou de terceiros. Este guia explicar\u00e1 os m\u00e9todos que s\u00e3o suficientemente eficazes e eficientes para o armazenamento seguro de Bitcoin na nossa perspetiva. Descubra a melhor maneira de auto-cust\u00f3dia bitcoin.<\/span><\/span><\/p>\n<p align=\"justify\"><span style=\"font-family: Liberation Sans, sans-serif;\"><span style=\"font-size: medium;\">Os m\u00e9todos enfatizam o armazenamento f\u00edsico das chaves, afastado de dispositivos expostos \u00e0 internet ou degrada\u00e7\u00e3o de hardware. Em vez de solu\u00e7\u00f5es vulner\u00e1veis baseadas em papel, exploraremos a op\u00e7\u00e3o de gravar sua frase-chave em metal e forneceremos instru\u00e7\u00f5es passo a passo para gerar chaves Bitcoin usando carteiras de hardware ou outros m\u00e9todos equivalentes, como ferramentas offline ou ferramentas manuais (dados, calculadoras&#8230;).  <\/span><\/span><\/p>\n","protected":false},"excerpt":{"rendered":"<p>O guia estendido sobre como armazenar seu bitcoin corretamente. Descubra a melhor maneira de auto-cust\u00f3dia bitcoin. <\/p>\n","protected":false},"featured_media":16422,"comment_status":"open","ping_status":"closed","template":"","meta":{"powered_cache_disable_cache":false,"powered_cache_disable_lazyload":false,"powered_cache_disable_css_optimization":false,"powered_cache_disable_js_optimization":false},"product_brand":[],"product_cat":[268],"product_tag":[295,416],"class_list":{"0":"post-5875","1":"product","2":"type-product","3":"status-publish","4":"has-post-thumbnail","6":"product_cat-guias-e-manuais","7":"product_tag-bitcoin-pt","8":"product_tag-manual-pt-pt","10":"first","11":"instock","12":"downloadable","13":"taxable","14":"shipping-taxable","15":"purchasable","16":"product-type-simple"},"_links":{"self":[{"href":"https:\/\/hideyourkeys.io\/pt-pt\/wp-json\/wp\/v2\/product\/5875","targetHints":{"allow":["GET"]}}],"collection":[{"href":"https:\/\/hideyourkeys.io\/pt-pt\/wp-json\/wp\/v2\/product"}],"about":[{"href":"https:\/\/hideyourkeys.io\/pt-pt\/wp-json\/wp\/v2\/types\/product"}],"replies":[{"embeddable":true,"href":"https:\/\/hideyourkeys.io\/pt-pt\/wp-json\/wp\/v2\/comments?post=5875"}],"wp:featuredmedia":[{"embeddable":true,"href":"https:\/\/hideyourkeys.io\/pt-pt\/wp-json\/wp\/v2\/media\/16422"}],"wp:attachment":[{"href":"https:\/\/hideyourkeys.io\/pt-pt\/wp-json\/wp\/v2\/media?parent=5875"}],"wp:term":[{"taxonomy":"product_brand","embeddable":true,"href":"https:\/\/hideyourkeys.io\/pt-pt\/wp-json\/wp\/v2\/product_brand?post=5875"},{"taxonomy":"product_cat","embeddable":true,"href":"https:\/\/hideyourkeys.io\/pt-pt\/wp-json\/wp\/v2\/product_cat?post=5875"},{"taxonomy":"product_tag","embeddable":true,"href":"https:\/\/hideyourkeys.io\/pt-pt\/wp-json\/wp\/v2\/product_tag?post=5875"}],"curies":[{"name":"wp","href":"https:\/\/api.w.org\/{rel}","templated":true}]}}