{"id":5916,"date":"2023-09-03T16:00:56","date_gmt":"2023-09-03T16:00:56","guid":{"rendered":"https:\/\/hideyourkeys.io\/product\/manual-da-carteira-de-hardware\/"},"modified":"2024-11-12T08:00:14","modified_gmt":"2024-11-12T08:00:14","slug":"manual-da-carteira-de-hardware","status":"publish","type":"product","link":"https:\/\/hideyourkeys.io\/pt-pt\/produto\/manual-da-carteira-de-hardware\/","title":{"rendered":"Manual da carteira de hardware"},"content":{"rendered":"<p>Consulte o nosso Manual da Carteira de Hardware para garantir a utiliza\u00e7\u00e3o correcta do produto. Como se trata de um dispositivo de desenvolvimento, \u00e9 altamente recomend\u00e1vel revisar o manual completo antes de adquirir o produto. O manual tamb\u00e9m inclui instru\u00e7\u00f5es para piscar um dispositivo por conta pr\u00f3pria, para obter uma carteira de hardware DIY. Recomendamos fazer o download dos nossos manuais antes de comprar os produtos.<\/p>\n","protected":false},"excerpt":{"rendered":"<p>Manual da carteira de hardware<\/p>\n","protected":false},"featured_media":16393,"comment_status":"open","ping_status":"closed","template":"","meta":{"powered_cache_disable_cache":false,"powered_cache_disable_lazyload":false,"powered_cache_disable_css_optimization":false,"powered_cache_disable_js_optimization":false},"product_brand":[],"product_cat":[268],"product_tag":[326,416],"class_list":{"0":"post-5916","1":"product","2":"type-product","3":"status-publish","4":"has-post-thumbnail","6":"product_cat-guias-e-manuais","7":"product_tag-hardware-wallet-pt","8":"product_tag-manual-pt-pt","10":"first","11":"instock","12":"downloadable","13":"taxable","14":"shipping-taxable","15":"purchasable","16":"product-type-simple"},"_links":{"self":[{"href":"https:\/\/hideyourkeys.io\/pt-pt\/wp-json\/wp\/v2\/product\/5916","targetHints":{"allow":["GET"]}}],"collection":[{"href":"https:\/\/hideyourkeys.io\/pt-pt\/wp-json\/wp\/v2\/product"}],"about":[{"href":"https:\/\/hideyourkeys.io\/pt-pt\/wp-json\/wp\/v2\/types\/product"}],"replies":[{"embeddable":true,"href":"https:\/\/hideyourkeys.io\/pt-pt\/wp-json\/wp\/v2\/comments?post=5916"}],"wp:featuredmedia":[{"embeddable":true,"href":"https:\/\/hideyourkeys.io\/pt-pt\/wp-json\/wp\/v2\/media\/16393"}],"wp:attachment":[{"href":"https:\/\/hideyourkeys.io\/pt-pt\/wp-json\/wp\/v2\/media?parent=5916"}],"wp:term":[{"taxonomy":"product_brand","embeddable":true,"href":"https:\/\/hideyourkeys.io\/pt-pt\/wp-json\/wp\/v2\/product_brand?post=5916"},{"taxonomy":"product_cat","embeddable":true,"href":"https:\/\/hideyourkeys.io\/pt-pt\/wp-json\/wp\/v2\/product_cat?post=5916"},{"taxonomy":"product_tag","embeddable":true,"href":"https:\/\/hideyourkeys.io\/pt-pt\/wp-json\/wp\/v2\/product_tag?post=5916"}],"curies":[{"name":"wp","href":"https:\/\/api.w.org\/{rel}","templated":true}]}}