{"id":5918,"date":"2023-09-03T15:57:33","date_gmt":"2023-09-03T15:57:33","guid":{"rendered":"https:\/\/hideyourkeys.io\/product\/o-guia-rapido-para-guardar-a-sua-bitcoin\/"},"modified":"2024-10-27T14:00:36","modified_gmt":"2024-10-27T14:00:36","slug":"o-que-e-bitcoin-fazendo-sentido-de-bitcoin","status":"publish","type":"product","link":"https:\/\/hideyourkeys.io\/pt-pt\/produto\/o-que-e-bitcoin-fazendo-sentido-de-bitcoin\/","title":{"rendered":"Dando sentido ao Bitcoin"},"content":{"rendered":"<p>Voc\u00ea sabe que n\u00e3o queria ler nosso <a href=\"https:\/\/hideyourkeys.io\/pt-pt\/produto\/o-guia-definitivo-da-pele-para-armazenar-sua-bitcoin\/\">guia pleb<\/a> de quase 200 p\u00e1ginas, porque voc\u00ea est\u00e1 apenas come\u00e7ando com bitcoin&#8230; Ent\u00e3o d\u00ea uma olhada no nosso guia &#8220;Making Sense of Bitcoin&#8221;, este \u00e9 um resumo com nossas melhores dicas e recomenda\u00e7\u00f5es para armazenar seu bitcoin corretamente e come\u00e7ar a entend\u00ea-lo melhor. Descubra o que \u00e9 bitcoin e seu potencial com nosso guia. O guia come\u00e7a com as perguntas frequentes mais comuns relacionadas ao Bitcoin e, em seguida, enfatiza o armazenamento f\u00edsico de chaves, longe de dispositivos expostos \u00e0 internet ou degrada\u00e7\u00e3o de hardware.  <\/p>\n<p> Em vez de solu\u00e7\u00f5es vulner\u00e1veis baseadas em papel, exploraremos a op\u00e7\u00e3o de gravar sua frase-chave em metal. Ele tamb\u00e9m fornece instru\u00e7\u00f5es passo-a-passo para gerar chaves Bitcoin usando carteiras de hardware, ou outros m\u00e9todos equivalentes, como ferramentas offline ou ferramentas manuais (dados, calculadoras &#8230;).<\/p>\n<div class=\"flex max-w-full flex-col flex-grow\">\n<div class=\"min-h-8 text-message flex w-full flex-col items-end gap-2 whitespace-normal break-words [.text-message+&amp;]:mt-5\" dir=\"auto\" data-message-author-role=\"assistant\" data-message-id=\"88561fb1-06aa-47fb-83b3-87d04eb8cf6a\" data-message-model-slug=\"gpt-4o\">\n<div class=\"flex w-full flex-col gap-1 empty:hidden first:pt-[3px]\">\n<div class=\"markdown prose w-full break-words dark:prose-invert dark\">\n<p>Outro dos princ\u00edpios-chave do Bitcoin \u00e9 &#8220;n\u00e3o confie, verifique&#8221;, ent\u00e3o n\u00e3o confie apenas em nossos guias, h\u00e1 uma riqueza de informa\u00e7\u00f5es on-line para voc\u00ea explorar. Um \u00f3timo lugar para come\u00e7ar \u00e9 <a href=\"https:\/\/bitcoin.org\" target=\"_new\" rel=\"noopener\">bitcoin.org<\/a>, onde voc\u00ea encontrar\u00e1 recursos, documenta\u00e7\u00e3o e links para mais informa\u00e7\u00f5es sobre a tecnologia, seguran\u00e7a e comunidade do Bitcoin. Mergulhe e comece a verificar por si mesmo!  <\/p>\n<\/div>\n<\/div>\n<\/div>\n<\/div>\n<div class=\"mb-2 flex gap-3 empty:hidden -ml-2\">\n<div class=\"items-center justify-start rounded-xl p-1 flex\">\n<div class=\"flex items-center\"><\/div>\n<\/div>\n<\/div>\n","protected":false},"excerpt":{"rendered":"<p>D\u00ea uma olhada em nosso guia &#8220;Making Sense of Bitcoin&#8221;, este \u00e9 um resumo com nossas melhores dicas e recomenda\u00e7\u00f5es para armazenar seu bitcoin corretamente e come\u00e7ar a entend\u00ea-lo melhor. Descubra o que \u00e9 bitcoin e seu potencial com nosso guia. <\/p>\n","protected":false},"featured_media":16585,"comment_status":"open","ping_status":"closed","template":"","meta":{"powered_cache_disable_cache":false,"powered_cache_disable_lazyload":false,"powered_cache_disable_css_optimization":false,"powered_cache_disable_js_optimization":false},"product_brand":[],"product_cat":[268],"product_tag":[295,416,397],"class_list":{"0":"post-5918","1":"product","2":"type-product","3":"status-publish","4":"has-post-thumbnail","6":"product_cat-guias-e-manuais","7":"product_tag-bitcoin-pt","8":"product_tag-manual-pt-pt","9":"product_tag-ocultar-a-frase-semente","11":"first","12":"instock","13":"downloadable","14":"taxable","15":"shipping-taxable","16":"purchasable","17":"product-type-simple"},"_links":{"self":[{"href":"https:\/\/hideyourkeys.io\/pt-pt\/wp-json\/wp\/v2\/product\/5918","targetHints":{"allow":["GET"]}}],"collection":[{"href":"https:\/\/hideyourkeys.io\/pt-pt\/wp-json\/wp\/v2\/product"}],"about":[{"href":"https:\/\/hideyourkeys.io\/pt-pt\/wp-json\/wp\/v2\/types\/product"}],"replies":[{"embeddable":true,"href":"https:\/\/hideyourkeys.io\/pt-pt\/wp-json\/wp\/v2\/comments?post=5918"}],"wp:featuredmedia":[{"embeddable":true,"href":"https:\/\/hideyourkeys.io\/pt-pt\/wp-json\/wp\/v2\/media\/16585"}],"wp:attachment":[{"href":"https:\/\/hideyourkeys.io\/pt-pt\/wp-json\/wp\/v2\/media?parent=5918"}],"wp:term":[{"taxonomy":"product_brand","embeddable":true,"href":"https:\/\/hideyourkeys.io\/pt-pt\/wp-json\/wp\/v2\/product_brand?post=5918"},{"taxonomy":"product_cat","embeddable":true,"href":"https:\/\/hideyourkeys.io\/pt-pt\/wp-json\/wp\/v2\/product_cat?post=5918"},{"taxonomy":"product_tag","embeddable":true,"href":"https:\/\/hideyourkeys.io\/pt-pt\/wp-json\/wp\/v2\/product_tag?post=5918"}],"curies":[{"name":"wp","href":"https:\/\/api.w.org\/{rel}","templated":true}]}}