{"id":5925,"date":"2023-09-03T14:22:11","date_gmt":"2023-09-03T14:22:11","guid":{"rendered":"https:\/\/hideyourkeys.io\/product\/manual-de-vasos\/"},"modified":"2024-10-24T21:20:54","modified_gmt":"2024-10-24T21:20:54","slug":"vasos-manuais","status":"publish","type":"product","link":"https:\/\/hideyourkeys.io\/pt-pt\/produto\/vasos-manuais\/","title":{"rendered":"Manual de Vasos e L\u00e2mpadas"},"content":{"rendered":"<p>Consulte o nosso Manual de Vasos e L\u00e2mpadas para garantir o uso adequado do produto. Descubra uma das nossas sugest\u00f5es para esconder a sua frase-semente sem que as pessoas percebam. Maneira criativa de esconder uma frase-semente Recomendamos baixar nossos manuais antes de comprar os produtos.  <\/p>\n","protected":false},"excerpt":{"rendered":"<p>Vasos e Candeeiros. manual<\/p>\n","protected":false},"featured_media":16377,"comment_status":"open","ping_status":"closed","template":"","meta":{"powered_cache_disable_cache":false,"powered_cache_disable_lazyload":false,"powered_cache_disable_css_optimization":false,"powered_cache_disable_js_optimization":false},"product_brand":[],"product_cat":[268],"product_tag":[295,416,397],"class_list":{"0":"post-5925","1":"product","2":"type-product","3":"status-publish","4":"has-post-thumbnail","6":"product_cat-guias-e-manuais","7":"product_tag-bitcoin-pt","8":"product_tag-manual-pt-pt","9":"product_tag-ocultar-a-frase-semente","11":"first","12":"instock","13":"downloadable","14":"taxable","15":"shipping-taxable","16":"purchasable","17":"product-type-simple"},"_links":{"self":[{"href":"https:\/\/hideyourkeys.io\/pt-pt\/wp-json\/wp\/v2\/product\/5925","targetHints":{"allow":["GET"]}}],"collection":[{"href":"https:\/\/hideyourkeys.io\/pt-pt\/wp-json\/wp\/v2\/product"}],"about":[{"href":"https:\/\/hideyourkeys.io\/pt-pt\/wp-json\/wp\/v2\/types\/product"}],"replies":[{"embeddable":true,"href":"https:\/\/hideyourkeys.io\/pt-pt\/wp-json\/wp\/v2\/comments?post=5925"}],"wp:featuredmedia":[{"embeddable":true,"href":"https:\/\/hideyourkeys.io\/pt-pt\/wp-json\/wp\/v2\/media\/16377"}],"wp:attachment":[{"href":"https:\/\/hideyourkeys.io\/pt-pt\/wp-json\/wp\/v2\/media?parent=5925"}],"wp:term":[{"taxonomy":"product_brand","embeddable":true,"href":"https:\/\/hideyourkeys.io\/pt-pt\/wp-json\/wp\/v2\/product_brand?post=5925"},{"taxonomy":"product_cat","embeddable":true,"href":"https:\/\/hideyourkeys.io\/pt-pt\/wp-json\/wp\/v2\/product_cat?post=5925"},{"taxonomy":"product_tag","embeddable":true,"href":"https:\/\/hideyourkeys.io\/pt-pt\/wp-json\/wp\/v2\/product_tag?post=5925"}],"curies":[{"name":"wp","href":"https:\/\/api.w.org\/{rel}","templated":true}]}}