{"id":8763,"date":"2023-11-25T14:29:33","date_gmt":"2023-11-25T14:29:33","guid":{"rendered":"https:\/\/hideyourkeys.io\/?post_type=product&#038;p=8763"},"modified":"2025-02-02T22:15:24","modified_gmt":"2025-02-02T22:15:24","slug":"frase-semente-capsula-mini","status":"publish","type":"product","link":"https:\/\/hideyourkeys.io\/pt-pt\/produto\/frase-semente-capsula-mini\/","title":{"rendered":"C\u00e1psula para frase de recupera\u00e7\u00e3o Mini (M6)"},"content":{"rendered":"<p>Essas c\u00e1psulas s\u00e3o projetadas para armazenar com seguran\u00e7a suas valiosas frases de recupera\u00e7\u00e3o de Bitcoin ou outras criptomoedas, garantindo que elas permane\u00e7am seguras e protegidas. Esta c\u00e1psula para arruelas tamb\u00e9m foi convenientemente concebida para ser pequena e compacta, tornando-as f\u00e1ceis de transportar consigo para onde quer que v\u00e1. Agora num tamanho ainda mais compacto.<\/p>\n<p>Cada c\u00e1psula pode acomodar um conjunto de arruelas met\u00e1licas estampadas (M6-18) feitas com nosso <a href=\"https:\/\/hideyourkeys.io\/pt-pt\/produto\/bitjig-m6-basic-pack\/\">BitJig M6<\/a>, exibindo sua frase-semente de Bitcoin ou Criptomoeda, proporcionando uma camada adicional de prote\u00e7\u00e3o contra acessos n\u00e3o autorizados. Esta funcionalidade garante que os seus valiosos activos Bitcoin est\u00e3o sempre seguros e protegidos.<\/p>\n<p>A semente tem de ser previamente estampada em anilhas met\u00e1licas, consulte o nosso estampador para gerar uma reserva de sementes adequada. Este produto inclui um parafuso M6 que se ajusta a 24 arruelas (tamb\u00e9m inclu\u00eddas) e uma porca. Todos eles cabem perfeitamente dentro da c\u00e1psula. A c\u00e1psula tem 54 mm de altura e 28 mm de di\u00e2metro.<\/p>\n<p>Para al\u00e9m dos seus benef\u00edcios pr\u00e1ticos, as nossas c\u00e1psulas de frases com sementes de Bitcoin tamb\u00e9m s\u00e3o um acess\u00f3rio elegante e \u00fanico. Est\u00e3o dispon\u00edveis numa gama de cores e desenhos diferentes, pelo que pode escolher o que melhor reflecte o seu estilo pessoal.<\/p>\n<p>Este produto cont\u00e9m:<\/p>\n<ul>\n<li>Uma (1) c\u00e1psula de armazenamento<\/li>\n<li>Conjunto de anilhas (25), com uma (1) porca e um (1) parafuso<\/li>\n<\/ul>\n","protected":false},"excerpt":{"rendered":"<p>C\u00e1psula para arruelas para armazenar frase-semente gravada em metal<\/p>\n","protected":false},"featured_media":14840,"comment_status":"open","ping_status":"closed","template":"","meta":{"powered_cache_disable_cache":false,"powered_cache_disable_lazyload":false,"powered_cache_disable_css_optimization":false,"powered_cache_disable_js_optimization":false},"product_brand":[],"product_cat":[265],"product_tag":[304,397],"class_list":{"0":"post-8763","1":"product","2":"type-product","3":"status-publish","4":"has-post-thumbnail","6":"product_cat-carimbadores-capsulas","7":"product_tag-capsula-pt","8":"product_tag-ocultar-a-frase-semente","9":"pa_color-bege","10":"pa_color-branco","11":"pa_color-cinza","12":"pa_color-granito-pt","13":"pa_color-preto","15":"first","16":"instock","17":"taxable","18":"shipping-taxable","19":"purchasable","20":"product-type-variable"},"_links":{"self":[{"href":"https:\/\/hideyourkeys.io\/pt-pt\/wp-json\/wp\/v2\/product\/8763","targetHints":{"allow":["GET"]}}],"collection":[{"href":"https:\/\/hideyourkeys.io\/pt-pt\/wp-json\/wp\/v2\/product"}],"about":[{"href":"https:\/\/hideyourkeys.io\/pt-pt\/wp-json\/wp\/v2\/types\/product"}],"replies":[{"embeddable":true,"href":"https:\/\/hideyourkeys.io\/pt-pt\/wp-json\/wp\/v2\/comments?post=8763"}],"wp:featuredmedia":[{"embeddable":true,"href":"https:\/\/hideyourkeys.io\/pt-pt\/wp-json\/wp\/v2\/media\/14840"}],"wp:attachment":[{"href":"https:\/\/hideyourkeys.io\/pt-pt\/wp-json\/wp\/v2\/media?parent=8763"}],"wp:term":[{"taxonomy":"product_brand","embeddable":true,"href":"https:\/\/hideyourkeys.io\/pt-pt\/wp-json\/wp\/v2\/product_brand?post=8763"},{"taxonomy":"product_cat","embeddable":true,"href":"https:\/\/hideyourkeys.io\/pt-pt\/wp-json\/wp\/v2\/product_cat?post=8763"},{"taxonomy":"product_tag","embeddable":true,"href":"https:\/\/hideyourkeys.io\/pt-pt\/wp-json\/wp\/v2\/product_tag?post=8763"}],"curies":[{"name":"wp","href":"https:\/\/api.w.org\/{rel}","templated":true}]}}