{"id":8863,"date":"2023-11-25T14:45:40","date_gmt":"2023-11-25T14:45:40","guid":{"rendered":"https:\/\/hideyourkeys.io\/?post_type=product&#038;p=8863"},"modified":"2025-02-02T22:13:29","modified_gmt":"2025-02-02T22:13:29","slug":"frase-semente-capsula-mini-3-pack","status":"publish","type":"product","link":"https:\/\/hideyourkeys.io\/pt-pt\/produto\/frase-semente-capsula-mini-3-pack\/","title":{"rendered":"C\u00e1psula para frase de recupera\u00e7\u00e3o Mini &#8211; Pack com 3 (M6)"},"content":{"rendered":"<p>Quer saber como armazenar frases-semente de bitcoin? Essas c\u00e1psulas s\u00e3o projetadas para armazenar com seguran\u00e7a seu valioso Bitcoin ou outras frases-semente, garantindo que elas permane\u00e7am seguras e protegidas, e agora elas v\u00eam em um pacote de 3! As c\u00e1psulas s\u00e3o tamb\u00e9m convenientemente concebidas para serem pequenas e compactas, tornando-as f\u00e1ceis de transportar para onde quer que v\u00e1.<\/p>\n<p>Cada c\u00e1psula pode caber um conjunto de arruelas de metal estampadas feitas com nosso <a href=\"https:\/\/hideyourkeys.io\/pt-pt\/produto\/bitjig-m6-basic-pack\/\">BitJig M<\/a>6 que exibe sua frase-semente Bitcoin ou Crypto, fornecendo uma camada adicional de prote\u00e7\u00e3o contra acesso n\u00e3o autorizado. Esta funcionalidade garante que os seus valiosos activos Bitcoin est\u00e3o sempre seguros e protegidos.<\/p>\n<p>A semente tem de ser previamente estampada em anilhas met\u00e1licas, consulte o nosso estampador para gerar uma reserva de sementes adequada. Este produto inclui um parafuso M6 que se ajusta a 24 arruelas (tamb\u00e9m inclu\u00eddas) e uma porca. Todos eles cabem perfeitamente dentro da c\u00e1psula.<\/p>\n<p>Para al\u00e9m dos seus benef\u00edcios pr\u00e1ticos, as nossas c\u00e1psulas de frases com sementes de Bitcoin tamb\u00e9m s\u00e3o um acess\u00f3rio elegante e \u00fanico. Est\u00e3o dispon\u00edveis numa gama de cores e desenhos diferentes, pelo que pode escolher o que melhor reflecte o seu estilo pessoal.<\/p>\n<p>Este produto cont\u00e9m:<\/p>\n<ul>\n<li>Tr\u00eas (3) c\u00e1psulas de armazenamento<\/li>\n<li>Tr\u00eas conjuntos de arruelas (75), com tr\u00eas (3) porcas e tr\u00eas (3) parafusos<\/li>\n<\/ul>\n","protected":false},"excerpt":{"rendered":"<p>Quer saber como armazenar frases-semente de bitcoin? Embalagem com 3 c\u00e1psulas de arruela para esconder frases de frases-semente.<\/p>\n","protected":false},"featured_media":14920,"comment_status":"open","ping_status":"closed","template":"","meta":{"powered_cache_disable_cache":false,"powered_cache_disable_lazyload":false,"powered_cache_disable_css_optimization":false,"powered_cache_disable_js_optimization":false},"product_brand":[],"product_cat":[273],"product_tag":[304,397],"class_list":{"0":"post-8863","1":"product","2":"type-product","3":"status-publish","4":"has-post-thumbnail","6":"product_cat-packs-e-outros","7":"product_tag-capsula-pt","8":"product_tag-ocultar-a-frase-semente","10":"first","11":"instock","12":"taxable","13":"shipping-taxable","14":"purchasable","15":"product-type-variable"},"_links":{"self":[{"href":"https:\/\/hideyourkeys.io\/pt-pt\/wp-json\/wp\/v2\/product\/8863","targetHints":{"allow":["GET"]}}],"collection":[{"href":"https:\/\/hideyourkeys.io\/pt-pt\/wp-json\/wp\/v2\/product"}],"about":[{"href":"https:\/\/hideyourkeys.io\/pt-pt\/wp-json\/wp\/v2\/types\/product"}],"replies":[{"embeddable":true,"href":"https:\/\/hideyourkeys.io\/pt-pt\/wp-json\/wp\/v2\/comments?post=8863"}],"wp:featuredmedia":[{"embeddable":true,"href":"https:\/\/hideyourkeys.io\/pt-pt\/wp-json\/wp\/v2\/media\/14920"}],"wp:attachment":[{"href":"https:\/\/hideyourkeys.io\/pt-pt\/wp-json\/wp\/v2\/media?parent=8863"}],"wp:term":[{"taxonomy":"product_brand","embeddable":true,"href":"https:\/\/hideyourkeys.io\/pt-pt\/wp-json\/wp\/v2\/product_brand?post=8863"},{"taxonomy":"product_cat","embeddable":true,"href":"https:\/\/hideyourkeys.io\/pt-pt\/wp-json\/wp\/v2\/product_cat?post=8863"},{"taxonomy":"product_tag","embeddable":true,"href":"https:\/\/hideyourkeys.io\/pt-pt\/wp-json\/wp\/v2\/product_tag?post=8863"}],"curies":[{"name":"wp","href":"https:\/\/api.w.org\/{rel}","templated":true}]}}